{"id":61,"date":"2024-01-25T11:08:06","date_gmt":"2024-01-25T10:08:06","guid":{"rendered":"https:\/\/cie-lespiedsdanslesetoiles.fr\/?page_id=61"},"modified":"2024-08-12T16:34:26","modified_gmt":"2024-08-12T14:34:26","slug":"2022-deux-tickets-pour-le-paradis","status":"publish","type":"page","link":"https:\/\/cie-lespiedsdanslesetoiles.fr\/index.php\/nos-representations-passees\/2022-deux-tickets-pour-le-paradis\/","title":{"rendered":"2022 &#8211; Deux tickets pour le Paradis"},"content":{"rendered":"\n<figure class=\"wp-block-image size-large\"><img loading=\"lazy\" decoding=\"async\" width=\"768\" height=\"1024\" src=\"https:\/\/cie-lespiedsdanslesetoiles.fr\/wp-content\/uploads\/2024\/02\/Affiche-neutre-2-TICKETS-768x1024.jpg\" alt=\"\" class=\"wp-image-384\" srcset=\"https:\/\/cie-lespiedsdanslesetoiles.fr\/wp-content\/uploads\/2024\/02\/Affiche-neutre-2-TICKETS-768x1024.jpg 768w, https:\/\/cie-lespiedsdanslesetoiles.fr\/wp-content\/uploads\/2024\/02\/Affiche-neutre-2-TICKETS-225x300.jpg 225w, https:\/\/cie-lespiedsdanslesetoiles.fr\/wp-content\/uploads\/2024\/02\/Affiche-neutre-2-TICKETS-1152x1536.jpg 1152w, https:\/\/cie-lespiedsdanslesetoiles.fr\/wp-content\/uploads\/2024\/02\/Affiche-neutre-2-TICKETS-1536x2048.jpg 1536w, https:\/\/cie-lespiedsdanslesetoiles.fr\/wp-content\/uploads\/2024\/02\/Affiche-neutre-2-TICKETS-scaled.jpg 1920w\" sizes=\"auto, (max-width: 768px) 100vw, 768px\" \/><\/figure>\n\n\n\n<p class=\"has-text-align-center\"><em>Quand un certain Jeff arrive au paradis avec pour seule compagnie une valise vide, c&rsquo;est la panique \u00e0 bord ! Saint Pierre ne parvient pas \u00e0 l\u2019identifier\u2026&nbsp;&nbsp;<\/em><\/p>\n\n\n\n<div class=\"moz-text-html\" lang=\"x-unicode\">\n<div dir=\"ltr\">\n<div style=\"text-align:center\"><b>Une pi\u00e8ce de Jean-Paul Al\u00e8gre,  <\/b><\/div>\n<div style=\"text-align:center\"><\/div>\n<div style=\"text-align:center\"><b>interpr\u00e9t\u00e9e par les \u00e9l\u00e8ves du Petit Atelier Th\u00e9\u00e2tre de la compagnie Les Pieds dans les Etoiles. <\/b><\/div>\n<div style=\"text-align:center\"><\/div>\n<div style=\"text-align:center\"><b>Spectacle propos\u00e9 lors de la soir\u00e9e au profit des r\u00e9fugi\u00e9s de l\u2019Ukraine via la Croix Rouge au th\u00e9\u00e2tre Noriac (Espace Noriac) \u00e0 Limoges  le Samedi 9 Avril 2022. <\/b><\/div>\n<div style=\"text-align:center\"><b>Avec Fr\u00e9d\u00e9ric Baulant,  Eddy Channaux, Dominique Colladant, Kevin Garrault, Hauria Sarri. <\/b><\/div><div style=\"text-align:center\"><b>Mise en sc\u00e8ne : Pascale Fermon-Colombeau. <\/b><\/div>\n<\/div>\n\n\n\n<p class=\"has-text-align-center\"><\/p>\n\n\n\n<figure class=\"wp-block-image size-large\"><img loading=\"lazy\" decoding=\"async\" width=\"1024\" height=\"576\" src=\"https:\/\/cie-lespiedsdanslesetoiles.fr\/wp-content\/uploads\/2024\/08\/2-tickets-pour-le-Paradis-04-1024x576.jpg\" alt=\"\" class=\"wp-image-592\" srcset=\"https:\/\/cie-lespiedsdanslesetoiles.fr\/wp-content\/uploads\/2024\/08\/2-tickets-pour-le-Paradis-04-1024x576.jpg 1024w, https:\/\/cie-lespiedsdanslesetoiles.fr\/wp-content\/uploads\/2024\/08\/2-tickets-pour-le-Paradis-04-300x169.jpg 300w, https:\/\/cie-lespiedsdanslesetoiles.fr\/wp-content\/uploads\/2024\/08\/2-tickets-pour-le-Paradis-04-768x432.jpg 768w, https:\/\/cie-lespiedsdanslesetoiles.fr\/wp-content\/uploads\/2024\/08\/2-tickets-pour-le-Paradis-04-1536x864.jpg 1536w, https:\/\/cie-lespiedsdanslesetoiles.fr\/wp-content\/uploads\/2024\/08\/2-tickets-pour-le-Paradis-04-2048x1152.jpg 2048w\" sizes=\"auto, (max-width: 1024px) 100vw, 1024px\" \/><\/figure>\n\n\n\n<figure class=\"wp-block-image size-full\"><img loading=\"lazy\" decoding=\"async\" width=\"960\" height=\"720\" src=\"https:\/\/cie-lespiedsdanslesetoiles.fr\/wp-content\/uploads\/2024\/08\/2-tickets-pour-le-Paradis-01.jpg\" alt=\"\" class=\"wp-image-589\" srcset=\"https:\/\/cie-lespiedsdanslesetoiles.fr\/wp-content\/uploads\/2024\/08\/2-tickets-pour-le-Paradis-01.jpg 960w, https:\/\/cie-lespiedsdanslesetoiles.fr\/wp-content\/uploads\/2024\/08\/2-tickets-pour-le-Paradis-01-300x225.jpg 300w, https:\/\/cie-lespiedsdanslesetoiles.fr\/wp-content\/uploads\/2024\/08\/2-tickets-pour-le-Paradis-01-768x576.jpg 768w\" sizes=\"auto, (max-width: 960px) 100vw, 960px\" \/><\/figure>\n\n\n\n<figure class=\"wp-block-image size-large\"><img loading=\"lazy\" decoding=\"async\" width=\"1024\" height=\"1024\" src=\"https:\/\/cie-lespiedsdanslesetoiles.fr\/wp-content\/uploads\/2024\/08\/2-tickets-pour-le-Paradis-03-1024x1024.jpg\" alt=\"\" class=\"wp-image-591\" srcset=\"https:\/\/cie-lespiedsdanslesetoiles.fr\/wp-content\/uploads\/2024\/08\/2-tickets-pour-le-Paradis-03-1024x1024.jpg 1024w, https:\/\/cie-lespiedsdanslesetoiles.fr\/wp-content\/uploads\/2024\/08\/2-tickets-pour-le-Paradis-03-300x300.jpg 300w, https:\/\/cie-lespiedsdanslesetoiles.fr\/wp-content\/uploads\/2024\/08\/2-tickets-pour-le-Paradis-03-150x150.jpg 150w, https:\/\/cie-lespiedsdanslesetoiles.fr\/wp-content\/uploads\/2024\/08\/2-tickets-pour-le-Paradis-03-768x768.jpg 768w, https:\/\/cie-lespiedsdanslesetoiles.fr\/wp-content\/uploads\/2024\/08\/2-tickets-pour-le-Paradis-03.jpg 1368w\" sizes=\"auto, (max-width: 1024px) 100vw, 1024px\" \/><\/figure>\n\n\n\n<figure class=\"wp-block-image size-full\"><img loading=\"lazy\" decoding=\"async\" width=\"960\" height=\"720\" src=\"https:\/\/cie-lespiedsdanslesetoiles.fr\/wp-content\/uploads\/2024\/08\/2-tickets-pour-le-Paradis-02.jpg\" alt=\"\" class=\"wp-image-590\" srcset=\"https:\/\/cie-lespiedsdanslesetoiles.fr\/wp-content\/uploads\/2024\/08\/2-tickets-pour-le-Paradis-02.jpg 960w, https:\/\/cie-lespiedsdanslesetoiles.fr\/wp-content\/uploads\/2024\/08\/2-tickets-pour-le-Paradis-02-300x225.jpg 300w, https:\/\/cie-lespiedsdanslesetoiles.fr\/wp-content\/uploads\/2024\/08\/2-tickets-pour-le-Paradis-02-768x576.jpg 768w\" sizes=\"auto, (max-width: 960px) 100vw, 960px\" \/><\/figure>\n\n\n\n<figure class=\"wp-block-image size-large\"><img loading=\"lazy\" decoding=\"async\" width=\"1024\" height=\"576\" src=\"https:\/\/cie-lespiedsdanslesetoiles.fr\/wp-content\/uploads\/2024\/08\/2-tickets-pour-le-Paradis-05-1024x576.jpg\" alt=\"\" class=\"wp-image-593\" srcset=\"https:\/\/cie-lespiedsdanslesetoiles.fr\/wp-content\/uploads\/2024\/08\/2-tickets-pour-le-Paradis-05-1024x576.jpg 1024w, https:\/\/cie-lespiedsdanslesetoiles.fr\/wp-content\/uploads\/2024\/08\/2-tickets-pour-le-Paradis-05-300x169.jpg 300w, https:\/\/cie-lespiedsdanslesetoiles.fr\/wp-content\/uploads\/2024\/08\/2-tickets-pour-le-Paradis-05-768x432.jpg 768w, https:\/\/cie-lespiedsdanslesetoiles.fr\/wp-content\/uploads\/2024\/08\/2-tickets-pour-le-Paradis-05-1536x864.jpg 1536w, https:\/\/cie-lespiedsdanslesetoiles.fr\/wp-content\/uploads\/2024\/08\/2-tickets-pour-le-Paradis-05-2048x1152.jpg 2048w\" sizes=\"auto, (max-width: 1024px) 100vw, 1024px\" \/><\/figure>\n","protected":false},"excerpt":{"rendered":"<p>Quand un certain Jeff arrive au paradis avec pour seule compagnie une valise vide, c&rsquo;est la panique \u00e0 bord ! Saint Pierre ne parvient pas \u00e0 l\u2019identifier\u2026&nbsp;&nbsp; Une pi\u00e8ce de Jean-Paul Al\u00e8gre, interpr\u00e9t\u00e9e par les \u00e9l\u00e8ves du Petit Atelier Th\u00e9\u00e2tre de la compagnie Les Pieds dans les Etoiles. Spectacle propos\u00e9 lors de la soir\u00e9e au&#8230;<\/p>\n","protected":false},"author":1,"featured_media":0,"parent":29,"menu_order":1,"comment_status":"closed","ping_status":"closed","template":"","meta":{"_kad_post_transparent":"","_kad_post_title":"","_kad_post_layout":"","_kad_post_sidebar_id":"","_kad_post_content_style":"","_kad_post_vertical_padding":"","_kad_post_feature":"","_kad_post_feature_position":"","_kad_post_header":false,"_kad_post_footer":false,"footnotes":""},"class_list":["post-61","page","type-page","status-publish","hentry"],"_links":{"self":[{"href":"https:\/\/cie-lespiedsdanslesetoiles.fr\/index.php\/wp-json\/wp\/v2\/pages\/61","targetHints":{"allow":["GET"]}}],"collection":[{"href":"https:\/\/cie-lespiedsdanslesetoiles.fr\/index.php\/wp-json\/wp\/v2\/pages"}],"about":[{"href":"https:\/\/cie-lespiedsdanslesetoiles.fr\/index.php\/wp-json\/wp\/v2\/types\/page"}],"author":[{"embeddable":true,"href":"https:\/\/cie-lespiedsdanslesetoiles.fr\/index.php\/wp-json\/wp\/v2\/users\/1"}],"replies":[{"embeddable":true,"href":"https:\/\/cie-lespiedsdanslesetoiles.fr\/index.php\/wp-json\/wp\/v2\/comments?post=61"}],"version-history":[{"count":25,"href":"https:\/\/cie-lespiedsdanslesetoiles.fr\/index.php\/wp-json\/wp\/v2\/pages\/61\/revisions"}],"predecessor-version":[{"id":600,"href":"https:\/\/cie-lespiedsdanslesetoiles.fr\/index.php\/wp-json\/wp\/v2\/pages\/61\/revisions\/600"}],"up":[{"embeddable":true,"href":"https:\/\/cie-lespiedsdanslesetoiles.fr\/index.php\/wp-json\/wp\/v2\/pages\/29"}],"wp:attachment":[{"href":"https:\/\/cie-lespiedsdanslesetoiles.fr\/index.php\/wp-json\/wp\/v2\/media?parent=61"}],"curies":[{"name":"wp","href":"https:\/\/api.w.org\/{rel}","templated":true}]}}