{"id":59,"date":"2024-01-25T11:06:35","date_gmt":"2024-01-25T10:06:35","guid":{"rendered":"https:\/\/cie-lespiedsdanslesetoiles.fr\/?page_id=59"},"modified":"2024-04-18T09:20:01","modified_gmt":"2024-04-18T07:20:01","slug":"2023-les-engelures","status":"publish","type":"page","link":"https:\/\/cie-lespiedsdanslesetoiles.fr\/index.php\/nos-representations-passees\/2023-les-engelures\/","title":{"rendered":"2023 &#8211; Les engelures"},"content":{"rendered":"\n<figure class=\"wp-block-image size-large\"><img loading=\"lazy\" decoding=\"async\" width=\"768\" height=\"1024\" src=\"https:\/\/cie-lespiedsdanslesetoiles.fr\/wp-content\/uploads\/2024\/02\/engelures-affiche-neutre-768x1024.jpg\" alt=\"\" class=\"wp-image-299\" srcset=\"https:\/\/cie-lespiedsdanslesetoiles.fr\/wp-content\/uploads\/2024\/02\/engelures-affiche-neutre-768x1024.jpg 768w, https:\/\/cie-lespiedsdanslesetoiles.fr\/wp-content\/uploads\/2024\/02\/engelures-affiche-neutre-225x300.jpg 225w, https:\/\/cie-lespiedsdanslesetoiles.fr\/wp-content\/uploads\/2024\/02\/engelures-affiche-neutre-1152x1536.jpg 1152w, https:\/\/cie-lespiedsdanslesetoiles.fr\/wp-content\/uploads\/2024\/02\/engelures-affiche-neutre-1536x2048.jpg 1536w, https:\/\/cie-lespiedsdanslesetoiles.fr\/wp-content\/uploads\/2024\/02\/engelures-affiche-neutre-scaled.jpg 1920w\" sizes=\"auto, (max-width: 768px) 100vw, 768px\" \/><\/figure>\n\n\n\n<p class=\"has-text-align-center has-medium-font-size\"><em>Qui se souvient qu&rsquo;au cours de l\u2019hiver 1956 le Rh\u00f4ne gela tr\u00e8s fort ? C&rsquo;est \u00e0 la fin de cet \u00e9pisode quasiment sib\u00e9rien, en pleine  d\u00e9b\u00e2cle des glaces que deux femmes, la m\u00e8re et la fille,  s\u00e9par\u00e9es par les tours et les d\u00e9tours de la vie ainsi que par la  rugosit\u00e9 affich\u00e9e de leurs rapports, et cela malgr\u00e9 la tendresse  profonde et refoul\u00e9e qui les lie, tentent de se retrouver, de se parler, de se parler vraiment&#8230;  Une sorte de d\u00e9gel des sentiments s&rsquo;op\u00e8re\u2026&nbsp;&nbsp;<\/em><\/p>\n\n\n\n<div class=\"moz-text-html\" lang=\"x-unicode\">\n<div dir=\"ltr\">\n<div style=\"text-align:center\"><b>Une com\u00e9die psychologique de Fran\u00e7ois CHANAL&nbsp;&nbsp;<\/b><\/div>\n<div style=\"text-align:center\"><\/div>\n<div style=\"text-align:center\"><b>Pr\u00e9sent\u00e9e  en 2023 au th\u00e9\u00e2tre le P&rsquo;tit Bidule \u00e0 Saint-Junien, \u00e0 l&rsquo;Embarque \u00e0  Limoges, \u00e0 Saint-Victurnien, puis au Th\u00e9\u00e2tre de la Passerelle \u00e0  Limoges.&nbsp;<\/b><\/div>\n<div style=\"text-align:center\"><\/div>\n<div style=\"text-align:center\"><b>Avec Elisabeth Labesse et Pascale Fermon-Colombeau<\/b><\/div>\n<div style=\"text-align:center\"><b>Conseiller mise en sc\u00e8ne : Robert Rousselle&nbsp;&nbsp;<\/b><\/div>\n<\/div>\n<\/div>\n\n\n\n<figure class=\"wp-block-image size-large\"><img loading=\"lazy\" decoding=\"async\" width=\"768\" height=\"1024\" src=\"https:\/\/cie-lespiedsdanslesetoiles.fr\/wp-content\/uploads\/2024\/04\/Les-Engelures-05-768x1024.jpg\" alt=\"\" class=\"wp-image-570\" srcset=\"https:\/\/cie-lespiedsdanslesetoiles.fr\/wp-content\/uploads\/2024\/04\/Les-Engelures-05-768x1024.jpg 768w, https:\/\/cie-lespiedsdanslesetoiles.fr\/wp-content\/uploads\/2024\/04\/Les-Engelures-05-225x300.jpg 225w, https:\/\/cie-lespiedsdanslesetoiles.fr\/wp-content\/uploads\/2024\/04\/Les-Engelures-05-1152x1536.jpg 1152w, https:\/\/cie-lespiedsdanslesetoiles.fr\/wp-content\/uploads\/2024\/04\/Les-Engelures-05-1536x2048.jpg 1536w, https:\/\/cie-lespiedsdanslesetoiles.fr\/wp-content\/uploads\/2024\/04\/Les-Engelures-05-scaled.jpg 1920w\" sizes=\"auto, (max-width: 768px) 100vw, 768px\" \/><\/figure>\n\n\n\n<figure class=\"wp-block-image size-large\"><img loading=\"lazy\" decoding=\"async\" width=\"768\" height=\"1024\" src=\"https:\/\/cie-lespiedsdanslesetoiles.fr\/wp-content\/uploads\/2024\/04\/Les-Engelures-04-768x1024.jpg\" alt=\"\" class=\"wp-image-569\" srcset=\"https:\/\/cie-lespiedsdanslesetoiles.fr\/wp-content\/uploads\/2024\/04\/Les-Engelures-04-768x1024.jpg 768w, https:\/\/cie-lespiedsdanslesetoiles.fr\/wp-content\/uploads\/2024\/04\/Les-Engelures-04-225x300.jpg 225w, https:\/\/cie-lespiedsdanslesetoiles.fr\/wp-content\/uploads\/2024\/04\/Les-Engelures-04-1152x1536.jpg 1152w, https:\/\/cie-lespiedsdanslesetoiles.fr\/wp-content\/uploads\/2024\/04\/Les-Engelures-04-1536x2048.jpg 1536w, https:\/\/cie-lespiedsdanslesetoiles.fr\/wp-content\/uploads\/2024\/04\/Les-Engelures-04-scaled.jpg 1920w\" sizes=\"auto, (max-width: 768px) 100vw, 768px\" \/><\/figure>\n\n\n\n<figure class=\"wp-block-image size-large\"><img loading=\"lazy\" decoding=\"async\" width=\"768\" height=\"1024\" src=\"https:\/\/cie-lespiedsdanslesetoiles.fr\/wp-content\/uploads\/2024\/04\/Les-Engelures-03-768x1024.jpg\" alt=\"\" class=\"wp-image-568\" srcset=\"https:\/\/cie-lespiedsdanslesetoiles.fr\/wp-content\/uploads\/2024\/04\/Les-Engelures-03-768x1024.jpg 768w, https:\/\/cie-lespiedsdanslesetoiles.fr\/wp-content\/uploads\/2024\/04\/Les-Engelures-03-225x300.jpg 225w, https:\/\/cie-lespiedsdanslesetoiles.fr\/wp-content\/uploads\/2024\/04\/Les-Engelures-03-1152x1536.jpg 1152w, https:\/\/cie-lespiedsdanslesetoiles.fr\/wp-content\/uploads\/2024\/04\/Les-Engelures-03-1536x2048.jpg 1536w, https:\/\/cie-lespiedsdanslesetoiles.fr\/wp-content\/uploads\/2024\/04\/Les-Engelures-03-scaled.jpg 1920w\" sizes=\"auto, (max-width: 768px) 100vw, 768px\" \/><\/figure>\n\n\n\n<figure class=\"wp-block-image size-large\"><img loading=\"lazy\" decoding=\"async\" width=\"768\" height=\"1024\" src=\"https:\/\/cie-lespiedsdanslesetoiles.fr\/wp-content\/uploads\/2024\/04\/Les-Engelures-02-768x1024.jpg\" alt=\"\" class=\"wp-image-567\" srcset=\"https:\/\/cie-lespiedsdanslesetoiles.fr\/wp-content\/uploads\/2024\/04\/Les-Engelures-02-768x1024.jpg 768w, https:\/\/cie-lespiedsdanslesetoiles.fr\/wp-content\/uploads\/2024\/04\/Les-Engelures-02-225x300.jpg 225w, https:\/\/cie-lespiedsdanslesetoiles.fr\/wp-content\/uploads\/2024\/04\/Les-Engelures-02-1152x1536.jpg 1152w, https:\/\/cie-lespiedsdanslesetoiles.fr\/wp-content\/uploads\/2024\/04\/Les-Engelures-02-1536x2048.jpg 1536w, https:\/\/cie-lespiedsdanslesetoiles.fr\/wp-content\/uploads\/2024\/04\/Les-Engelures-02-scaled.jpg 1920w\" sizes=\"auto, (max-width: 768px) 100vw, 768px\" \/><\/figure>\n\n\n\n<figure class=\"wp-block-image size-large\"><img loading=\"lazy\" decoding=\"async\" width=\"768\" height=\"1024\" src=\"https:\/\/cie-lespiedsdanslesetoiles.fr\/wp-content\/uploads\/2024\/04\/Les-Engelures-01-768x1024.jpg\" alt=\"\" class=\"wp-image-566\" srcset=\"https:\/\/cie-lespiedsdanslesetoiles.fr\/wp-content\/uploads\/2024\/04\/Les-Engelures-01-768x1024.jpg 768w, https:\/\/cie-lespiedsdanslesetoiles.fr\/wp-content\/uploads\/2024\/04\/Les-Engelures-01-225x300.jpg 225w, https:\/\/cie-lespiedsdanslesetoiles.fr\/wp-content\/uploads\/2024\/04\/Les-Engelures-01-1152x1536.jpg 1152w, https:\/\/cie-lespiedsdanslesetoiles.fr\/wp-content\/uploads\/2024\/04\/Les-Engelures-01-1536x2048.jpg 1536w, https:\/\/cie-lespiedsdanslesetoiles.fr\/wp-content\/uploads\/2024\/04\/Les-Engelures-01-scaled.jpg 1920w\" sizes=\"auto, (max-width: 768px) 100vw, 768px\" \/><\/figure>\n","protected":false},"excerpt":{"rendered":"<p>Qui se souvient qu&rsquo;au cours de l\u2019hiver 1956 le Rh\u00f4ne gela tr\u00e8s fort ? C&rsquo;est \u00e0 la fin de cet \u00e9pisode quasiment sib\u00e9rien, en pleine d\u00e9b\u00e2cle des glaces que deux femmes, la m\u00e8re et la fille, s\u00e9par\u00e9es par les tours et les d\u00e9tours de la vie ainsi que par la rugosit\u00e9 affich\u00e9e de leurs rapports,&#8230;<\/p>\n","protected":false},"author":1,"featured_media":0,"parent":29,"menu_order":0,"comment_status":"closed","ping_status":"closed","template":"","meta":{"_kad_post_transparent":"","_kad_post_title":"","_kad_post_layout":"","_kad_post_sidebar_id":"","_kad_post_content_style":"","_kad_post_vertical_padding":"","_kad_post_feature":"","_kad_post_feature_position":"","_kad_post_header":false,"_kad_post_footer":false,"footnotes":""},"class_list":["post-59","page","type-page","status-publish","hentry"],"_links":{"self":[{"href":"https:\/\/cie-lespiedsdanslesetoiles.fr\/index.php\/wp-json\/wp\/v2\/pages\/59","targetHints":{"allow":["GET"]}}],"collection":[{"href":"https:\/\/cie-lespiedsdanslesetoiles.fr\/index.php\/wp-json\/wp\/v2\/pages"}],"about":[{"href":"https:\/\/cie-lespiedsdanslesetoiles.fr\/index.php\/wp-json\/wp\/v2\/types\/page"}],"author":[{"embeddable":true,"href":"https:\/\/cie-lespiedsdanslesetoiles.fr\/index.php\/wp-json\/wp\/v2\/users\/1"}],"replies":[{"embeddable":true,"href":"https:\/\/cie-lespiedsdanslesetoiles.fr\/index.php\/wp-json\/wp\/v2\/comments?post=59"}],"version-history":[{"count":9,"href":"https:\/\/cie-lespiedsdanslesetoiles.fr\/index.php\/wp-json\/wp\/v2\/pages\/59\/revisions"}],"predecessor-version":[{"id":577,"href":"https:\/\/cie-lespiedsdanslesetoiles.fr\/index.php\/wp-json\/wp\/v2\/pages\/59\/revisions\/577"}],"up":[{"embeddable":true,"href":"https:\/\/cie-lespiedsdanslesetoiles.fr\/index.php\/wp-json\/wp\/v2\/pages\/29"}],"wp:attachment":[{"href":"https:\/\/cie-lespiedsdanslesetoiles.fr\/index.php\/wp-json\/wp\/v2\/media?parent=59"}],"curies":[{"name":"wp","href":"https:\/\/api.w.org\/{rel}","templated":true}]}}