{"id":57,"date":"2024-01-25T11:05:46","date_gmt":"2024-01-25T10:05:46","guid":{"rendered":"https:\/\/cie-lespiedsdanslesetoiles.fr\/?page_id=57"},"modified":"2024-08-12T16:40:18","modified_gmt":"2024-08-12T14:40:18","slug":"2019-les-elles-du-desir","status":"publish","type":"page","link":"https:\/\/cie-lespiedsdanslesetoiles.fr\/index.php\/nos-representations-passees\/2019-les-elles-du-desir\/","title":{"rendered":"2019 &#8211; Les \u00ab Elles \u00bb du d\u00e9sir"},"content":{"rendered":"\n<figure class=\"wp-block-image size-large\"><img loading=\"lazy\" decoding=\"async\" width=\"768\" height=\"1024\" src=\"https:\/\/cie-lespiedsdanslesetoiles.fr\/wp-content\/uploads\/2024\/02\/Affiche-Virginia-W--768x1024.jpg\" alt=\"\" class=\"wp-image-423\" srcset=\"https:\/\/cie-lespiedsdanslesetoiles.fr\/wp-content\/uploads\/2024\/02\/Affiche-Virginia-W--768x1024.jpg 768w, https:\/\/cie-lespiedsdanslesetoiles.fr\/wp-content\/uploads\/2024\/02\/Affiche-Virginia-W--225x300.jpg 225w, https:\/\/cie-lespiedsdanslesetoiles.fr\/wp-content\/uploads\/2024\/02\/Affiche-Virginia-W--1152x1536.jpg 1152w, https:\/\/cie-lespiedsdanslesetoiles.fr\/wp-content\/uploads\/2024\/02\/Affiche-Virginia-W--1536x2048.jpg 1536w, https:\/\/cie-lespiedsdanslesetoiles.fr\/wp-content\/uploads\/2024\/02\/Affiche-Virginia-W--scaled.jpg 1920w\" sizes=\"auto, (max-width: 768px) 100vw, 768px\" \/><\/figure>\n\n\n\n<p class=\"has-text-align-center\"><em>Lectures \u00e0 2 voix f\u00e9minines.&nbsp;Extraits de la correspondance entre Virginia Woolf et Vita Sackville-West, les deux c\u00e9l\u00e8bres romanci\u00e8res, de 1923 \u00e0 1941.<\/em><\/p>\n\n\n\n<div class=\"moz-text-html\" lang=\"x-unicode\">\n<div dir=\"ltr\">\n<div style=\"text-align:center\"><b>Des lettres qui r\u00e9v\u00e8lent une amiti\u00e9 intellectuelle qui se transforme peu \u00e0 peu en une relation amoureuse et charnelle entre deux auteures \u00e0 tr\u00e8s forte personnalit\u00e9, tr\u00e8s diff\u00e9rentes et tr\u00e8s audacieuses pour leur \u00e9poque. Toutes deux, mari\u00e9es chacune de son c\u00f4t\u00e9, elles bravent avec obstination les interdits moraux de leur si\u00e8cle. <\/b><\/div>\n<div style=\"text-align:center\"><\/div>\n<div style=\"text-align:center\"><b>Lectures donn\u00e9es dans diff\u00e9rents lieux de Haute-Vienne : Saint-Junien, Aixe, Saint-Cyr, Cheyssous et Limoges \u00e0 l&rsquo;\u00e9t\u00e9 et \u00e0 l&rsquo;automne 2019.<\/b><\/div>\n<div style=\"text-align:center\"><\/div>\n<div style=\"text-align:center\"><b>Avec Pascale Fermon-Colombeau et Elisabeth Labesse.<\/b><\/div><\/div>\n\n\n\n<figure class=\"wp-block-image size-large\"><img loading=\"lazy\" decoding=\"async\" width=\"1024\" height=\"768\" src=\"https:\/\/cie-lespiedsdanslesetoiles.fr\/wp-content\/uploads\/2024\/08\/Les-Elles-du-desir-01-1024x768.jpg\" alt=\"\" class=\"wp-image-598\" srcset=\"https:\/\/cie-lespiedsdanslesetoiles.fr\/wp-content\/uploads\/2024\/08\/Les-Elles-du-desir-01-1024x768.jpg 1024w, https:\/\/cie-lespiedsdanslesetoiles.fr\/wp-content\/uploads\/2024\/08\/Les-Elles-du-desir-01-300x225.jpg 300w, https:\/\/cie-lespiedsdanslesetoiles.fr\/wp-content\/uploads\/2024\/08\/Les-Elles-du-desir-01-768x576.jpg 768w, https:\/\/cie-lespiedsdanslesetoiles.fr\/wp-content\/uploads\/2024\/08\/Les-Elles-du-desir-01-1536x1152.jpg 1536w, https:\/\/cie-lespiedsdanslesetoiles.fr\/wp-content\/uploads\/2024\/08\/Les-Elles-du-desir-01-2048x1536.jpg 2048w\" sizes=\"auto, (max-width: 1024px) 100vw, 1024px\" \/><\/figure>\n\n\n\n<figure class=\"wp-block-image size-large\"><img loading=\"lazy\" decoding=\"async\" width=\"1024\" height=\"768\" src=\"https:\/\/cie-lespiedsdanslesetoiles.fr\/wp-content\/uploads\/2024\/08\/Les-Elles-du-desir-05-1024x768.jpg\" alt=\"\" class=\"wp-image-597\" srcset=\"https:\/\/cie-lespiedsdanslesetoiles.fr\/wp-content\/uploads\/2024\/08\/Les-Elles-du-desir-05-1024x768.jpg 1024w, https:\/\/cie-lespiedsdanslesetoiles.fr\/wp-content\/uploads\/2024\/08\/Les-Elles-du-desir-05-300x225.jpg 300w, https:\/\/cie-lespiedsdanslesetoiles.fr\/wp-content\/uploads\/2024\/08\/Les-Elles-du-desir-05-768x576.jpg 768w, https:\/\/cie-lespiedsdanslesetoiles.fr\/wp-content\/uploads\/2024\/08\/Les-Elles-du-desir-05-1536x1152.jpg 1536w, https:\/\/cie-lespiedsdanslesetoiles.fr\/wp-content\/uploads\/2024\/08\/Les-Elles-du-desir-05-2048x1536.jpg 2048w\" sizes=\"auto, (max-width: 1024px) 100vw, 1024px\" \/><\/figure>\n\n\n\n<figure class=\"wp-block-image size-large\"><img loading=\"lazy\" decoding=\"async\" width=\"768\" height=\"1024\" src=\"https:\/\/cie-lespiedsdanslesetoiles.fr\/wp-content\/uploads\/2024\/08\/Les-Elles-du-desir-03-768x1024.jpg\" alt=\"\" class=\"wp-image-595\" srcset=\"https:\/\/cie-lespiedsdanslesetoiles.fr\/wp-content\/uploads\/2024\/08\/Les-Elles-du-desir-03-768x1024.jpg 768w, https:\/\/cie-lespiedsdanslesetoiles.fr\/wp-content\/uploads\/2024\/08\/Les-Elles-du-desir-03-225x300.jpg 225w, https:\/\/cie-lespiedsdanslesetoiles.fr\/wp-content\/uploads\/2024\/08\/Les-Elles-du-desir-03-1152x1536.jpg 1152w, https:\/\/cie-lespiedsdanslesetoiles.fr\/wp-content\/uploads\/2024\/08\/Les-Elles-du-desir-03-1536x2048.jpg 1536w, https:\/\/cie-lespiedsdanslesetoiles.fr\/wp-content\/uploads\/2024\/08\/Les-Elles-du-desir-03-scaled.jpg 1920w\" sizes=\"auto, (max-width: 768px) 100vw, 768px\" \/><\/figure>\n\n\n\n<figure class=\"wp-block-image size-large\"><img loading=\"lazy\" decoding=\"async\" width=\"1024\" height=\"768\" src=\"https:\/\/cie-lespiedsdanslesetoiles.fr\/wp-content\/uploads\/2024\/08\/Les-Elles-du-desir-04-1024x768.jpg\" alt=\"\" class=\"wp-image-596\" srcset=\"https:\/\/cie-lespiedsdanslesetoiles.fr\/wp-content\/uploads\/2024\/08\/Les-Elles-du-desir-04-1024x768.jpg 1024w, https:\/\/cie-lespiedsdanslesetoiles.fr\/wp-content\/uploads\/2024\/08\/Les-Elles-du-desir-04-300x225.jpg 300w, https:\/\/cie-lespiedsdanslesetoiles.fr\/wp-content\/uploads\/2024\/08\/Les-Elles-du-desir-04-768x576.jpg 768w, https:\/\/cie-lespiedsdanslesetoiles.fr\/wp-content\/uploads\/2024\/08\/Les-Elles-du-desir-04-1536x1152.jpg 1536w, https:\/\/cie-lespiedsdanslesetoiles.fr\/wp-content\/uploads\/2024\/08\/Les-Elles-du-desir-04-2048x1536.jpg 2048w\" sizes=\"auto, (max-width: 1024px) 100vw, 1024px\" \/><\/figure>\n\n\n\n<figure class=\"wp-block-image size-large\"><img loading=\"lazy\" decoding=\"async\" width=\"1024\" height=\"768\" src=\"https:\/\/cie-lespiedsdanslesetoiles.fr\/wp-content\/uploads\/2024\/08\/Les-Elles-du-desir-02-1024x768.jpg\" alt=\"\" class=\"wp-image-603\" srcset=\"https:\/\/cie-lespiedsdanslesetoiles.fr\/wp-content\/uploads\/2024\/08\/Les-Elles-du-desir-02-1024x768.jpg 1024w, https:\/\/cie-lespiedsdanslesetoiles.fr\/wp-content\/uploads\/2024\/08\/Les-Elles-du-desir-02-300x225.jpg 300w, https:\/\/cie-lespiedsdanslesetoiles.fr\/wp-content\/uploads\/2024\/08\/Les-Elles-du-desir-02-768x576.jpg 768w, https:\/\/cie-lespiedsdanslesetoiles.fr\/wp-content\/uploads\/2024\/08\/Les-Elles-du-desir-02-1536x1152.jpg 1536w, https:\/\/cie-lespiedsdanslesetoiles.fr\/wp-content\/uploads\/2024\/08\/Les-Elles-du-desir-02-2048x1536.jpg 2048w\" sizes=\"auto, (max-width: 1024px) 100vw, 1024px\" \/><\/figure>\n","protected":false},"excerpt":{"rendered":"<p>Lectures \u00e0 2 voix f\u00e9minines.&nbsp;Extraits de la correspondance entre Virginia Woolf et Vita Sackville-West, les deux c\u00e9l\u00e8bres romanci\u00e8res, de 1923 \u00e0 1941. Des lettres qui r\u00e9v\u00e8lent une amiti\u00e9 intellectuelle qui se transforme peu \u00e0 peu en une relation amoureuse et charnelle entre deux auteures \u00e0 tr\u00e8s forte personnalit\u00e9, tr\u00e8s diff\u00e9rentes et tr\u00e8s audacieuses pour leur&#8230;<\/p>\n","protected":false},"author":1,"featured_media":0,"parent":29,"menu_order":3,"comment_status":"closed","ping_status":"closed","template":"","meta":{"_kad_post_transparent":"","_kad_post_title":"","_kad_post_layout":"","_kad_post_sidebar_id":"","_kad_post_content_style":"","_kad_post_vertical_padding":"","_kad_post_feature":"","_kad_post_feature_position":"","_kad_post_header":false,"_kad_post_footer":false,"footnotes":""},"class_list":["post-57","page","type-page","status-publish","hentry"],"_links":{"self":[{"href":"https:\/\/cie-lespiedsdanslesetoiles.fr\/index.php\/wp-json\/wp\/v2\/pages\/57","targetHints":{"allow":["GET"]}}],"collection":[{"href":"https:\/\/cie-lespiedsdanslesetoiles.fr\/index.php\/wp-json\/wp\/v2\/pages"}],"about":[{"href":"https:\/\/cie-lespiedsdanslesetoiles.fr\/index.php\/wp-json\/wp\/v2\/types\/page"}],"author":[{"embeddable":true,"href":"https:\/\/cie-lespiedsdanslesetoiles.fr\/index.php\/wp-json\/wp\/v2\/users\/1"}],"replies":[{"embeddable":true,"href":"https:\/\/cie-lespiedsdanslesetoiles.fr\/index.php\/wp-json\/wp\/v2\/comments?post=57"}],"version-history":[{"count":8,"href":"https:\/\/cie-lespiedsdanslesetoiles.fr\/index.php\/wp-json\/wp\/v2\/pages\/57\/revisions"}],"predecessor-version":[{"id":604,"href":"https:\/\/cie-lespiedsdanslesetoiles.fr\/index.php\/wp-json\/wp\/v2\/pages\/57\/revisions\/604"}],"up":[{"embeddable":true,"href":"https:\/\/cie-lespiedsdanslesetoiles.fr\/index.php\/wp-json\/wp\/v2\/pages\/29"}],"wp:attachment":[{"href":"https:\/\/cie-lespiedsdanslesetoiles.fr\/index.php\/wp-json\/wp\/v2\/media?parent=57"}],"curies":[{"name":"wp","href":"https:\/\/api.w.org\/{rel}","templated":true}]}}