{"id":53,"date":"2024-01-25T11:02:22","date_gmt":"2024-01-25T10:02:22","guid":{"rendered":"https:\/\/cie-lespiedsdanslesetoiles.fr\/?page_id=53"},"modified":"2024-08-24T10:11:57","modified_gmt":"2024-08-24T08:11:57","slug":"2010-latelier","status":"publish","type":"page","link":"https:\/\/cie-lespiedsdanslesetoiles.fr\/index.php\/nos-representations-passees\/2010-latelier\/","title":{"rendered":"2010 &#8211; L&rsquo;atelier"},"content":{"rendered":"\n<figure class=\"wp-block-image size-large\"><img loading=\"lazy\" decoding=\"async\" width=\"768\" height=\"1024\" src=\"https:\/\/cie-lespiedsdanslesetoiles.fr\/wp-content\/uploads\/2024\/03\/Affiche-lATELIER-JPG-768x1024.jpg\" alt=\"\" class=\"wp-image-531\" srcset=\"https:\/\/cie-lespiedsdanslesetoiles.fr\/wp-content\/uploads\/2024\/03\/Affiche-lATELIER-JPG-768x1024.jpg 768w, https:\/\/cie-lespiedsdanslesetoiles.fr\/wp-content\/uploads\/2024\/03\/Affiche-lATELIER-JPG-225x300.jpg 225w, https:\/\/cie-lespiedsdanslesetoiles.fr\/wp-content\/uploads\/2024\/03\/Affiche-lATELIER-JPG-1152x1536.jpg 1152w, https:\/\/cie-lespiedsdanslesetoiles.fr\/wp-content\/uploads\/2024\/03\/Affiche-lATELIER-JPG-1536x2048.jpg 1536w, https:\/\/cie-lespiedsdanslesetoiles.fr\/wp-content\/uploads\/2024\/03\/Affiche-lATELIER-JPG-scaled.jpg 1920w\" sizes=\"auto, (max-width: 768px) 100vw, 768px\" \/><\/figure>\n\n\n\n<p class=\"has-text-align-center\"><em>Dans un atelier de confection de 1945 \u00e0 1952, des employ\u00e9s travaillent et , entre rires et larmes, racontent leur vie pendant l\u2019Occupation et dans l\u2019imm\u00e9diate apr\u00e8s-guerre&nbsp;: un juif qui a \u00e9t\u00e9 d\u00e9port\u00e9, un autre qui a v\u00e9cu cach\u00e9 en zone occup\u00e9e, une troisi\u00e8me qui s\u2019est r\u00e9fugi\u00e9e en zone libre, une quatri\u00e8me encore dont le mari a \u00e9t\u00e9 arr\u00eat\u00e9 et envoy\u00e9 aux camps mais aussi des jeunes gens \u00e0 peine touch\u00e9s par la guerre et une femme dont le mari a peut-\u00eatre collabor\u00e9\u2026<\/em><\/p>\n\n\n\n<p class=\"has-text-align-center\"><em>Autant de destins diff\u00e9rents qui se croisent et soul\u00e8vent la m\u00eame question&nbsp;: comment vivre apr\u00e8s le traumatisme de la Shoah&nbsp;?<\/em><\/p>\n\n\n\n<div class=\"moz-text-html\" lang=\"x-unicode\">\n<div dir=\"ltr\">\n<div style=\"text-align:center\"><b>Une pi\u00e8ce de Jean-Claude Grumberg.  <\/b><\/div>\n<div style=\"text-align:center\"><\/div>\n<div style=\"text-align:center\"><b>Pr\u00e9sent\u00e9e en Novembre 2010 au th\u00e9\u00e2tre NORIAC (Espace Noriac) \u00e0 Limoges. <\/b><\/div>\n<div style=\"text-align:center\"><\/div>\n<div style=\"text-align:center\"><b>Avec Emilie Bernard, Bernadette Chatenet, Fran\u00e7ois Dieuaide, Mich\u00e8le Dupuy, Sylvie Fabre, Pascale Fermon-Colombeau, Jacques Rabetaud, Fabien Rouchon, Val\u00e9rie Tessier, Jean-Michel Touraine.<\/b><\/div>\n<div style=\"text-align:center\"><b>Mise en sc\u00e8ne : Pascale Fermon-Colombeau. <\/b><\/div>\n<\/div>\n\n\n\n<figure class=\"wp-block-image size-large\"><img loading=\"lazy\" decoding=\"async\" width=\"1024\" height=\"768\" src=\"https:\/\/cie-lespiedsdanslesetoiles.fr\/wp-content\/uploads\/2024\/08\/2-1024x768.jpg\" alt=\"\" class=\"wp-image-645\" srcset=\"https:\/\/cie-lespiedsdanslesetoiles.fr\/wp-content\/uploads\/2024\/08\/2-1024x768.jpg 1024w, https:\/\/cie-lespiedsdanslesetoiles.fr\/wp-content\/uploads\/2024\/08\/2-300x225.jpg 300w, https:\/\/cie-lespiedsdanslesetoiles.fr\/wp-content\/uploads\/2024\/08\/2-768x576.jpg 768w, https:\/\/cie-lespiedsdanslesetoiles.fr\/wp-content\/uploads\/2024\/08\/2-1536x1152.jpg 1536w, https:\/\/cie-lespiedsdanslesetoiles.fr\/wp-content\/uploads\/2024\/08\/2-2048x1536.jpg 2048w\" sizes=\"auto, (max-width: 1024px) 100vw, 1024px\" \/><\/figure>\n\n\n\n<figure class=\"wp-block-image size-large\"><img loading=\"lazy\" decoding=\"async\" width=\"1024\" height=\"762\" src=\"https:\/\/cie-lespiedsdanslesetoiles.fr\/wp-content\/uploads\/2024\/08\/5-1024x762.jpg\" alt=\"\" class=\"wp-image-649\" srcset=\"https:\/\/cie-lespiedsdanslesetoiles.fr\/wp-content\/uploads\/2024\/08\/5-1024x762.jpg 1024w, https:\/\/cie-lespiedsdanslesetoiles.fr\/wp-content\/uploads\/2024\/08\/5-300x223.jpg 300w, https:\/\/cie-lespiedsdanslesetoiles.fr\/wp-content\/uploads\/2024\/08\/5-768x571.jpg 768w, https:\/\/cie-lespiedsdanslesetoiles.fr\/wp-content\/uploads\/2024\/08\/5-1536x1142.jpg 1536w, https:\/\/cie-lespiedsdanslesetoiles.fr\/wp-content\/uploads\/2024\/08\/5.jpg 1596w\" sizes=\"auto, (max-width: 1024px) 100vw, 1024px\" \/><\/figure>\n\n\n\n<figure class=\"wp-block-image size-large\"><img loading=\"lazy\" decoding=\"async\" width=\"1024\" height=\"735\" src=\"https:\/\/cie-lespiedsdanslesetoiles.fr\/wp-content\/uploads\/2024\/08\/3-1024x735.jpg\" alt=\"\" class=\"wp-image-647\" srcset=\"https:\/\/cie-lespiedsdanslesetoiles.fr\/wp-content\/uploads\/2024\/08\/3-1024x735.jpg 1024w, https:\/\/cie-lespiedsdanslesetoiles.fr\/wp-content\/uploads\/2024\/08\/3-300x215.jpg 300w, https:\/\/cie-lespiedsdanslesetoiles.fr\/wp-content\/uploads\/2024\/08\/3-768x551.jpg 768w, https:\/\/cie-lespiedsdanslesetoiles.fr\/wp-content\/uploads\/2024\/08\/3-1536x1102.jpg 1536w, https:\/\/cie-lespiedsdanslesetoiles.fr\/wp-content\/uploads\/2024\/08\/3.jpg 1649w\" sizes=\"auto, (max-width: 1024px) 100vw, 1024px\" \/><\/figure>\n\n\n\n<figure class=\"wp-block-image size-large\"><img loading=\"lazy\" decoding=\"async\" width=\"1024\" height=\"766\" src=\"https:\/\/cie-lespiedsdanslesetoiles.fr\/wp-content\/uploads\/2024\/08\/4-1024x766.jpg\" alt=\"\" class=\"wp-image-648\" srcset=\"https:\/\/cie-lespiedsdanslesetoiles.fr\/wp-content\/uploads\/2024\/08\/4-1024x766.jpg 1024w, https:\/\/cie-lespiedsdanslesetoiles.fr\/wp-content\/uploads\/2024\/08\/4-300x224.jpg 300w, https:\/\/cie-lespiedsdanslesetoiles.fr\/wp-content\/uploads\/2024\/08\/4-768x574.jpg 768w, https:\/\/cie-lespiedsdanslesetoiles.fr\/wp-content\/uploads\/2024\/08\/4-1536x1148.jpg 1536w, https:\/\/cie-lespiedsdanslesetoiles.fr\/wp-content\/uploads\/2024\/08\/4.jpg 1585w\" sizes=\"auto, (max-width: 1024px) 100vw, 1024px\" \/><\/figure>\n\n\n\n<figure class=\"wp-block-image size-large\"><img loading=\"lazy\" decoding=\"async\" width=\"718\" height=\"1024\" src=\"https:\/\/cie-lespiedsdanslesetoiles.fr\/wp-content\/uploads\/2024\/08\/6-718x1024.jpg\" alt=\"\" class=\"wp-image-650\" srcset=\"https:\/\/cie-lespiedsdanslesetoiles.fr\/wp-content\/uploads\/2024\/08\/6-718x1024.jpg 718w, https:\/\/cie-lespiedsdanslesetoiles.fr\/wp-content\/uploads\/2024\/08\/6-210x300.jpg 210w, https:\/\/cie-lespiedsdanslesetoiles.fr\/wp-content\/uploads\/2024\/08\/6-768x1095.jpg 768w, https:\/\/cie-lespiedsdanslesetoiles.fr\/wp-content\/uploads\/2024\/08\/6.jpg 984w\" sizes=\"auto, (max-width: 718px) 100vw, 718px\" \/><\/figure>\n\n\n\n<p><\/p>\n","protected":false},"excerpt":{"rendered":"<p>Dans un atelier de confection de 1945 \u00e0 1952, des employ\u00e9s travaillent et , entre rires et larmes, racontent leur vie pendant l\u2019Occupation et dans l\u2019imm\u00e9diate apr\u00e8s-guerre&nbsp;: un juif qui a \u00e9t\u00e9 d\u00e9port\u00e9, un autre qui a v\u00e9cu cach\u00e9 en zone occup\u00e9e, une troisi\u00e8me qui s\u2019est r\u00e9fugi\u00e9e en zone libre, une quatri\u00e8me encore dont le&#8230;<\/p>\n","protected":false},"author":1,"featured_media":0,"parent":29,"menu_order":11,"comment_status":"closed","ping_status":"closed","template":"","meta":{"_kad_post_transparent":"","_kad_post_title":"","_kad_post_layout":"","_kad_post_sidebar_id":"","_kad_post_content_style":"","_kad_post_vertical_padding":"","_kad_post_feature":"","_kad_post_feature_position":"","_kad_post_header":false,"_kad_post_footer":false,"footnotes":""},"class_list":["post-53","page","type-page","status-publish","hentry"],"_links":{"self":[{"href":"https:\/\/cie-lespiedsdanslesetoiles.fr\/index.php\/wp-json\/wp\/v2\/pages\/53","targetHints":{"allow":["GET"]}}],"collection":[{"href":"https:\/\/cie-lespiedsdanslesetoiles.fr\/index.php\/wp-json\/wp\/v2\/pages"}],"about":[{"href":"https:\/\/cie-lespiedsdanslesetoiles.fr\/index.php\/wp-json\/wp\/v2\/types\/page"}],"author":[{"embeddable":true,"href":"https:\/\/cie-lespiedsdanslesetoiles.fr\/index.php\/wp-json\/wp\/v2\/users\/1"}],"replies":[{"embeddable":true,"href":"https:\/\/cie-lespiedsdanslesetoiles.fr\/index.php\/wp-json\/wp\/v2\/comments?post=53"}],"version-history":[{"count":8,"href":"https:\/\/cie-lespiedsdanslesetoiles.fr\/index.php\/wp-json\/wp\/v2\/pages\/53\/revisions"}],"predecessor-version":[{"id":656,"href":"https:\/\/cie-lespiedsdanslesetoiles.fr\/index.php\/wp-json\/wp\/v2\/pages\/53\/revisions\/656"}],"up":[{"embeddable":true,"href":"https:\/\/cie-lespiedsdanslesetoiles.fr\/index.php\/wp-json\/wp\/v2\/pages\/29"}],"wp:attachment":[{"href":"https:\/\/cie-lespiedsdanslesetoiles.fr\/index.php\/wp-json\/wp\/v2\/media?parent=53"}],"curies":[{"name":"wp","href":"https:\/\/api.w.org\/{rel}","templated":true}]}}