{"id":51,"date":"2024-01-25T11:01:07","date_gmt":"2024-01-25T10:01:07","guid":{"rendered":"https:\/\/cie-lespiedsdanslesetoiles.fr\/?page_id=51"},"modified":"2024-08-15T09:05:20","modified_gmt":"2024-08-15T07:05:20","slug":"2020-un-papillon-dans-ma-memoire","status":"publish","type":"page","link":"https:\/\/cie-lespiedsdanslesetoiles.fr\/index.php\/nos-representations-passees\/2020-un-papillon-dans-ma-memoire\/","title":{"rendered":"2020 &#8211; Un papillon dans ma m\u00e9moire"},"content":{"rendered":"\n<figure class=\"wp-block-image size-full\"><img loading=\"lazy\" decoding=\"async\" width=\"720\" height=\"960\" src=\"https:\/\/cie-lespiedsdanslesetoiles.fr\/wp-content\/uploads\/2024\/02\/Affiche-V2-jpg-Papillon-Limoges.jpg\" alt=\"\" class=\"wp-image-512\" srcset=\"https:\/\/cie-lespiedsdanslesetoiles.fr\/wp-content\/uploads\/2024\/02\/Affiche-V2-jpg-Papillon-Limoges.jpg 720w, https:\/\/cie-lespiedsdanslesetoiles.fr\/wp-content\/uploads\/2024\/02\/Affiche-V2-jpg-Papillon-Limoges-225x300.jpg 225w\" sizes=\"auto, (max-width: 720px) 100vw, 720px\" \/><\/figure>\n\n\n\n<p class=\"has-text-align-center\"><em>Spectacle autour de la maladie d&rsquo;Alzheimer m\u00ealant th\u00e9\u00e2tre &amp; danse, tendre et po\u00e9tique comme un funambule sur le fil fragile des souvenirs.<\/em><\/p>\n\n\n\n<div class=\"moz-text-html\" lang=\"x-unicode\">\n<div dir=\"ltr\">\n<div style=\"text-align:center\"><b>Spectacle pr\u00e9sent\u00e9 fin 2020 \u00e0 Condat (87).<\/b><\/div>\n<div style=\"text-align:center\"><\/div>\n<div style=\"text-align:center\"><b>Avec Chris Daranlot et Pascale Fermon-Colombeau.<\/b><\/div>\n<\/b><\/div>\n<\/div>\n\n\n\n<figure class=\"wp-block-image size-full\"><img loading=\"lazy\" decoding=\"async\" width=\"960\" height=\"720\" src=\"https:\/\/cie-lespiedsdanslesetoiles.fr\/wp-content\/uploads\/2024\/08\/papillon-2.jpg\" alt=\"\" class=\"wp-image-622\" srcset=\"https:\/\/cie-lespiedsdanslesetoiles.fr\/wp-content\/uploads\/2024\/08\/papillon-2.jpg 960w, https:\/\/cie-lespiedsdanslesetoiles.fr\/wp-content\/uploads\/2024\/08\/papillon-2-300x225.jpg 300w, https:\/\/cie-lespiedsdanslesetoiles.fr\/wp-content\/uploads\/2024\/08\/papillon-2-768x576.jpg 768w\" sizes=\"auto, (max-width: 960px) 100vw, 960px\" \/><\/figure>\n\n\n\n<figure class=\"wp-block-image size-full\"><img loading=\"lazy\" decoding=\"async\" width=\"960\" height=\"720\" src=\"https:\/\/cie-lespiedsdanslesetoiles.fr\/wp-content\/uploads\/2024\/08\/papillon-1.jpg\" alt=\"\" class=\"wp-image-621\" srcset=\"https:\/\/cie-lespiedsdanslesetoiles.fr\/wp-content\/uploads\/2024\/08\/papillon-1.jpg 960w, https:\/\/cie-lespiedsdanslesetoiles.fr\/wp-content\/uploads\/2024\/08\/papillon-1-300x225.jpg 300w, https:\/\/cie-lespiedsdanslesetoiles.fr\/wp-content\/uploads\/2024\/08\/papillon-1-768x576.jpg 768w\" sizes=\"auto, (max-width: 960px) 100vw, 960px\" \/><\/figure>\n","protected":false},"excerpt":{"rendered":"<p>Spectacle autour de la maladie d&rsquo;Alzheimer m\u00ealant th\u00e9\u00e2tre &amp; danse, tendre et po\u00e9tique comme un funambule sur le fil fragile des souvenirs. Spectacle pr\u00e9sent\u00e9 fin 2020 \u00e0 Condat (87). Avec Chris Daranlot et Pascale Fermon-Colombeau.<\/p>\n","protected":false},"author":1,"featured_media":0,"parent":29,"menu_order":2,"comment_status":"closed","ping_status":"closed","template":"","meta":{"_kad_post_transparent":"","_kad_post_title":"","_kad_post_layout":"","_kad_post_sidebar_id":"","_kad_post_content_style":"","_kad_post_vertical_padding":"","_kad_post_feature":"","_kad_post_feature_position":"","_kad_post_header":false,"_kad_post_footer":false,"footnotes":""},"class_list":["post-51","page","type-page","status-publish","hentry"],"_links":{"self":[{"href":"https:\/\/cie-lespiedsdanslesetoiles.fr\/index.php\/wp-json\/wp\/v2\/pages\/51","targetHints":{"allow":["GET"]}}],"collection":[{"href":"https:\/\/cie-lespiedsdanslesetoiles.fr\/index.php\/wp-json\/wp\/v2\/pages"}],"about":[{"href":"https:\/\/cie-lespiedsdanslesetoiles.fr\/index.php\/wp-json\/wp\/v2\/types\/page"}],"author":[{"embeddable":true,"href":"https:\/\/cie-lespiedsdanslesetoiles.fr\/index.php\/wp-json\/wp\/v2\/users\/1"}],"replies":[{"embeddable":true,"href":"https:\/\/cie-lespiedsdanslesetoiles.fr\/index.php\/wp-json\/wp\/v2\/comments?post=51"}],"version-history":[{"count":7,"href":"https:\/\/cie-lespiedsdanslesetoiles.fr\/index.php\/wp-json\/wp\/v2\/pages\/51\/revisions"}],"predecessor-version":[{"id":623,"href":"https:\/\/cie-lespiedsdanslesetoiles.fr\/index.php\/wp-json\/wp\/v2\/pages\/51\/revisions\/623"}],"up":[{"embeddable":true,"href":"https:\/\/cie-lespiedsdanslesetoiles.fr\/index.php\/wp-json\/wp\/v2\/pages\/29"}],"wp:attachment":[{"href":"https:\/\/cie-lespiedsdanslesetoiles.fr\/index.php\/wp-json\/wp\/v2\/media?parent=51"}],"curies":[{"name":"wp","href":"https:\/\/api.w.org\/{rel}","templated":true}]}}