{"id":47,"date":"2024-01-25T10:57:50","date_gmt":"2024-01-25T09:57:50","guid":{"rendered":"https:\/\/cie-lespiedsdanslesetoiles.fr\/?page_id=47"},"modified":"2024-08-24T10:11:34","modified_gmt":"2024-08-24T08:11:34","slug":"2015-ricochets","status":"publish","type":"page","link":"https:\/\/cie-lespiedsdanslesetoiles.fr\/index.php\/nos-representations-passees\/2015-ricochets\/","title":{"rendered":"2015 &#8211; Ricochets"},"content":{"rendered":"\n<figure class=\"wp-block-image size-large\"><img loading=\"lazy\" decoding=\"async\" width=\"768\" height=\"1024\" src=\"https:\/\/cie-lespiedsdanslesetoiles.fr\/wp-content\/uploads\/2024\/01\/Ricochets-1-2-768x1024.jpg\" alt=\"\" class=\"wp-image-121\" srcset=\"https:\/\/cie-lespiedsdanslesetoiles.fr\/wp-content\/uploads\/2024\/01\/Ricochets-1-2-768x1024.jpg 768w, https:\/\/cie-lespiedsdanslesetoiles.fr\/wp-content\/uploads\/2024\/01\/Ricochets-1-2-225x300.jpg 225w, https:\/\/cie-lespiedsdanslesetoiles.fr\/wp-content\/uploads\/2024\/01\/Ricochets-1-2-1152x1536.jpg 1152w, https:\/\/cie-lespiedsdanslesetoiles.fr\/wp-content\/uploads\/2024\/01\/Ricochets-1-2-1536x2048.jpg 1536w, https:\/\/cie-lespiedsdanslesetoiles.fr\/wp-content\/uploads\/2024\/01\/Ricochets-1-2-scaled.jpg 1920w\" sizes=\"auto, (max-width: 768px) 100vw, 768px\" \/><\/figure>\n\n\n\n<p class=\"has-text-align-center\"> <p class=\"has-text-align-center\" align=\"center\" style=\"margin:0cm;margin-bottom:\n.0001pt;text-align:center\"><em>Basile Herblay est un c\u00e9l\u00e8bre auteur dramatique. Sur le bord du fleuve o\u00f9 il a l\u2019habitude de venir r\u00e9fl\u00e9chir, il va faire quatre rencontres. Quatre femmes qui ont le m\u00eame visage, la m\u00eame voix. Sont-elles r\u00e9elles ou imaginaires ? D\u00e9concertante pour le spectateur (d\u00e8s la premi\u00e8re sc\u00e8ne), cette pi\u00e8ce d\u00e9voile petit \u00e0 petit les personnages (tous les personnages ?) d\u2019une vie, \u00e0 la mani\u00e8re d\u2019une photo qui se r\u00e9v\u00e8le et se pr\u00e9cise, comme sortie de la chambre noire de la m\u00e9moire. Elles l\u2019am\u00e8neront \u00e0 r\u00e9v\u00e9ler un secret qu\u2019il avait, jusque-l\u00e0, toujours tu\u2026Elle est aussi un excellent pr\u00e9texte \u00e0 la r\u00e9flexion sur les myst\u00e8res alambiqu\u00e9s de la cr\u00e9ation litt\u00e9raire et notamment th\u00e9\u00e2trale.<\/em><\/p><\/p>\n\n\n\n<div class=\"moz-text-html\" lang=\"x-unicode\">\n<div dir=\"ltr\">\n<div style=\"text-align:center\"><b>Cr\u00e9ation de la pi\u00e8ce de Macha M\u00e9ril.<\/b><\/div>\n<div style=\"text-align:center\"><\/div>\n<div style=\"text-align:center\"><b>En pr\u00e9sence de l\u2019autrice au th\u00e9\u00e2tre NORIAC (Espace Noriac), \u00e0 Limoges du 4 au 8 Novembre 2014. <\/b><\/div>\n<div style=\"text-align:center\"><\/div>\n<div style=\"text-align:center\"><b>Avec Pascale Fermon-Colombeau et Hubert Lartigue.<\/b><\/div>\n<div style=\"text-align:center\"><b>Mise en sc\u00e8ne : Jean-Michel Touraine.<\/b><\/div><div style=\"text-align:center\"><b>Lumi\u00e8res : Robert Rousselle.  <\/b><\/div>\n<\/div>\n<\/div>\n\n\n\n<figure class=\"wp-block-image size-large\"><img loading=\"lazy\" decoding=\"async\" width=\"1024\" height=\"768\" src=\"https:\/\/cie-lespiedsdanslesetoiles.fr\/wp-content\/uploads\/2024\/01\/DSC03820-1-1024x768.jpg\" alt=\"\" class=\"wp-image-90\" srcset=\"https:\/\/cie-lespiedsdanslesetoiles.fr\/wp-content\/uploads\/2024\/01\/DSC03820-1-1024x768.jpg 1024w, https:\/\/cie-lespiedsdanslesetoiles.fr\/wp-content\/uploads\/2024\/01\/DSC03820-1-300x225.jpg 300w, https:\/\/cie-lespiedsdanslesetoiles.fr\/wp-content\/uploads\/2024\/01\/DSC03820-1-768x576.jpg 768w, https:\/\/cie-lespiedsdanslesetoiles.fr\/wp-content\/uploads\/2024\/01\/DSC03820-1-1536x1152.jpg 1536w, https:\/\/cie-lespiedsdanslesetoiles.fr\/wp-content\/uploads\/2024\/01\/DSC03820-1-2048x1536.jpg 2048w\" sizes=\"auto, (max-width: 1024px) 100vw, 1024px\" \/><\/figure>\n\n\n\n<figure class=\"wp-block-image size-large\"><img loading=\"lazy\" decoding=\"async\" width=\"1024\" height=\"768\" src=\"https:\/\/cie-lespiedsdanslesetoiles.fr\/wp-content\/uploads\/2024\/01\/DSC03829-1-1024x768.jpg\" alt=\"\" class=\"wp-image-125\" srcset=\"https:\/\/cie-lespiedsdanslesetoiles.fr\/wp-content\/uploads\/2024\/01\/DSC03829-1-1024x768.jpg 1024w, https:\/\/cie-lespiedsdanslesetoiles.fr\/wp-content\/uploads\/2024\/01\/DSC03829-1-300x225.jpg 300w, https:\/\/cie-lespiedsdanslesetoiles.fr\/wp-content\/uploads\/2024\/01\/DSC03829-1-768x576.jpg 768w, https:\/\/cie-lespiedsdanslesetoiles.fr\/wp-content\/uploads\/2024\/01\/DSC03829-1-1536x1152.jpg 1536w, https:\/\/cie-lespiedsdanslesetoiles.fr\/wp-content\/uploads\/2024\/01\/DSC03829-1-2048x1536.jpg 2048w\" sizes=\"auto, (max-width: 1024px) 100vw, 1024px\" \/><\/figure>\n\n\n\n<figure class=\"wp-block-image size-large\"><img loading=\"lazy\" decoding=\"async\" width=\"1024\" height=\"768\" src=\"https:\/\/cie-lespiedsdanslesetoiles.fr\/wp-content\/uploads\/2024\/01\/DSC03826-1-1024x768.jpg\" alt=\"\" class=\"wp-image-91\" srcset=\"https:\/\/cie-lespiedsdanslesetoiles.fr\/wp-content\/uploads\/2024\/01\/DSC03826-1-1024x768.jpg 1024w, https:\/\/cie-lespiedsdanslesetoiles.fr\/wp-content\/uploads\/2024\/01\/DSC03826-1-300x225.jpg 300w, https:\/\/cie-lespiedsdanslesetoiles.fr\/wp-content\/uploads\/2024\/01\/DSC03826-1-768x576.jpg 768w, https:\/\/cie-lespiedsdanslesetoiles.fr\/wp-content\/uploads\/2024\/01\/DSC03826-1-1536x1152.jpg 1536w, https:\/\/cie-lespiedsdanslesetoiles.fr\/wp-content\/uploads\/2024\/01\/DSC03826-1-2048x1536.jpg 2048w\" sizes=\"auto, (max-width: 1024px) 100vw, 1024px\" \/><\/figure>\n\n\n\n<figure class=\"wp-block-image size-large\"><img loading=\"lazy\" decoding=\"async\" width=\"1024\" height=\"768\" src=\"https:\/\/cie-lespiedsdanslesetoiles.fr\/wp-content\/uploads\/2024\/01\/DSC03835-1-1024x768.jpg\" alt=\"\" class=\"wp-image-92\" srcset=\"https:\/\/cie-lespiedsdanslesetoiles.fr\/wp-content\/uploads\/2024\/01\/DSC03835-1-1024x768.jpg 1024w, https:\/\/cie-lespiedsdanslesetoiles.fr\/wp-content\/uploads\/2024\/01\/DSC03835-1-300x225.jpg 300w, https:\/\/cie-lespiedsdanslesetoiles.fr\/wp-content\/uploads\/2024\/01\/DSC03835-1-768x576.jpg 768w, https:\/\/cie-lespiedsdanslesetoiles.fr\/wp-content\/uploads\/2024\/01\/DSC03835-1-1536x1152.jpg 1536w, https:\/\/cie-lespiedsdanslesetoiles.fr\/wp-content\/uploads\/2024\/01\/DSC03835-1-2048x1536.jpg 2048w\" sizes=\"auto, (max-width: 1024px) 100vw, 1024px\" \/><\/figure>\n\n\n\n<figure class=\"wp-block-image size-large\"><img loading=\"lazy\" decoding=\"async\" width=\"1024\" height=\"576\" src=\"https:\/\/cie-lespiedsdanslesetoiles.fr\/wp-content\/uploads\/2024\/01\/Photo-Macha-2-1024x576.jpg\" alt=\"\" class=\"wp-image-93\" srcset=\"https:\/\/cie-lespiedsdanslesetoiles.fr\/wp-content\/uploads\/2024\/01\/Photo-Macha-2-1024x576.jpg 1024w, https:\/\/cie-lespiedsdanslesetoiles.fr\/wp-content\/uploads\/2024\/01\/Photo-Macha-2-300x169.jpg 300w, https:\/\/cie-lespiedsdanslesetoiles.fr\/wp-content\/uploads\/2024\/01\/Photo-Macha-2-768x432.jpg 768w, https:\/\/cie-lespiedsdanslesetoiles.fr\/wp-content\/uploads\/2024\/01\/Photo-Macha-2-1536x864.jpg 1536w, https:\/\/cie-lespiedsdanslesetoiles.fr\/wp-content\/uploads\/2024\/01\/Photo-Macha-2-2048x1151.jpg 2048w\" sizes=\"auto, (max-width: 1024px) 100vw, 1024px\" \/><\/figure>\n\n\n\n<figure class=\"wp-block-image size-large\"><img loading=\"lazy\" decoding=\"async\" width=\"739\" height=\"1024\" src=\"https:\/\/cie-lespiedsdanslesetoiles.fr\/wp-content\/uploads\/2024\/08\/1-739x1024.jpg\" alt=\"\" class=\"wp-image-644\" srcset=\"https:\/\/cie-lespiedsdanslesetoiles.fr\/wp-content\/uploads\/2024\/08\/1-739x1024.jpg 739w, https:\/\/cie-lespiedsdanslesetoiles.fr\/wp-content\/uploads\/2024\/08\/1-216x300.jpg 216w, https:\/\/cie-lespiedsdanslesetoiles.fr\/wp-content\/uploads\/2024\/08\/1-768x1064.jpg 768w, https:\/\/cie-lespiedsdanslesetoiles.fr\/wp-content\/uploads\/2024\/08\/1-1108x1536.jpg 1108w, https:\/\/cie-lespiedsdanslesetoiles.fr\/wp-content\/uploads\/2024\/08\/1-1478x2048.jpg 1478w, https:\/\/cie-lespiedsdanslesetoiles.fr\/wp-content\/uploads\/2024\/08\/1-scaled.jpg 1847w\" sizes=\"auto, (max-width: 739px) 100vw, 739px\" \/><\/figure>\n","protected":false},"excerpt":{"rendered":"<p>Basile Herblay est un c\u00e9l\u00e8bre auteur dramatique. Sur le bord du fleuve o\u00f9 il a l\u2019habitude de venir r\u00e9fl\u00e9chir, il va faire quatre rencontres. Quatre femmes qui ont le m\u00eame visage, la m\u00eame voix. Sont-elles r\u00e9elles ou imaginaires ? D\u00e9concertante pour le spectateur (d\u00e8s la premi\u00e8re sc\u00e8ne), cette pi\u00e8ce d\u00e9voile petit \u00e0 petit les personnages&#8230;<\/p>\n","protected":false},"author":1,"featured_media":0,"parent":29,"menu_order":7,"comment_status":"closed","ping_status":"closed","template":"","meta":{"_kad_post_transparent":"","_kad_post_title":"","_kad_post_layout":"","_kad_post_sidebar_id":"","_kad_post_content_style":"","_kad_post_vertical_padding":"","_kad_post_feature":"","_kad_post_feature_position":"","_kad_post_header":false,"_kad_post_footer":false,"footnotes":""},"class_list":["post-47","page","type-page","status-publish","hentry"],"_links":{"self":[{"href":"https:\/\/cie-lespiedsdanslesetoiles.fr\/index.php\/wp-json\/wp\/v2\/pages\/47","targetHints":{"allow":["GET"]}}],"collection":[{"href":"https:\/\/cie-lespiedsdanslesetoiles.fr\/index.php\/wp-json\/wp\/v2\/pages"}],"about":[{"href":"https:\/\/cie-lespiedsdanslesetoiles.fr\/index.php\/wp-json\/wp\/v2\/types\/page"}],"author":[{"embeddable":true,"href":"https:\/\/cie-lespiedsdanslesetoiles.fr\/index.php\/wp-json\/wp\/v2\/users\/1"}],"replies":[{"embeddable":true,"href":"https:\/\/cie-lespiedsdanslesetoiles.fr\/index.php\/wp-json\/wp\/v2\/comments?post=47"}],"version-history":[{"count":21,"href":"https:\/\/cie-lespiedsdanslesetoiles.fr\/index.php\/wp-json\/wp\/v2\/pages\/47\/revisions"}],"predecessor-version":[{"id":655,"href":"https:\/\/cie-lespiedsdanslesetoiles.fr\/index.php\/wp-json\/wp\/v2\/pages\/47\/revisions\/655"}],"up":[{"embeddable":true,"href":"https:\/\/cie-lespiedsdanslesetoiles.fr\/index.php\/wp-json\/wp\/v2\/pages\/29"}],"wp:attachment":[{"href":"https:\/\/cie-lespiedsdanslesetoiles.fr\/index.php\/wp-json\/wp\/v2\/media?parent=47"}],"curies":[{"name":"wp","href":"https:\/\/api.w.org\/{rel}","templated":true}]}}