{"id":45,"date":"2024-01-25T10:56:42","date_gmt":"2024-01-25T09:56:42","guid":{"rendered":"https:\/\/cie-lespiedsdanslesetoiles.fr\/?page_id=45"},"modified":"2024-03-01T09:26:58","modified_gmt":"2024-03-01T08:26:58","slug":"2013-2-petites-dames-vers-le-nord","status":"publish","type":"page","link":"https:\/\/cie-lespiedsdanslesetoiles.fr\/index.php\/nos-representations-passees\/2013-2-petites-dames-vers-le-nord\/","title":{"rendered":"2013 &#8211; 2 petites dames vers le nord"},"content":{"rendered":"\n<figure class=\"wp-block-image size-large\"><img loading=\"lazy\" decoding=\"async\" width=\"768\" height=\"1024\" src=\"https:\/\/cie-lespiedsdanslesetoiles.fr\/wp-content\/uploads\/2024\/02\/Affiche-2-petites-dames-POUDRIER-768x1024.jpg\" alt=\"\" class=\"wp-image-483\" srcset=\"https:\/\/cie-lespiedsdanslesetoiles.fr\/wp-content\/uploads\/2024\/02\/Affiche-2-petites-dames-POUDRIER-768x1024.jpg 768w, https:\/\/cie-lespiedsdanslesetoiles.fr\/wp-content\/uploads\/2024\/02\/Affiche-2-petites-dames-POUDRIER-225x300.jpg 225w, https:\/\/cie-lespiedsdanslesetoiles.fr\/wp-content\/uploads\/2024\/02\/Affiche-2-petites-dames-POUDRIER-1152x1536.jpg 1152w, https:\/\/cie-lespiedsdanslesetoiles.fr\/wp-content\/uploads\/2024\/02\/Affiche-2-petites-dames-POUDRIER-1536x2048.jpg 1536w, https:\/\/cie-lespiedsdanslesetoiles.fr\/wp-content\/uploads\/2024\/02\/Affiche-2-petites-dames-POUDRIER-scaled.jpg 1920w\" sizes=\"auto, (max-width: 768px) 100vw, 768px\" \/><\/figure>\n\n\n\n<p class=\"has-text-align-center\"><em>Les voil\u00e0 ces 2 p&rsquo;tites dames, Annette et Bernadette, deux s\u0153urs \u00ab comme on en fait rarement \u00bb qui, aux obs\u00e8ques de leur m\u00e8re, d\u00e9cident de partir vers le nord, \u00e0 la recherche du p\u00e8re\u2026 ou du moins de ses restes. Et quand c\u2019est d\u00e9cid\u00e9, c\u2019est d\u00e9cid\u00e9 : quitte \u00e0 voler un autocar pour sillonner la r\u00e9gion\u2026 d\u2019Amiens, afin de&nbsp; trouver ce fameux cimeti\u00e8re surmont\u00e9 de grands h\u00eatres. Tout au long du voyage, elles se disputent mais elles s\u2019entraident. Elles se chamaillent mais elles se tiennent les coudes. Bref, ce sont deux frangines solidaires face \u00e0 un nouveau choix un peu lourd \u00e0 assumer. Mais elles l\u2019ont fait ce choix de partir ainsi \u00e0 l\u2019aventure, pour embrasser papa et lui dire que maman est morte. Pas facile, surtout qu\u2019elles ont constat\u00e9 qu\u2019il y a un truc bizarre, un dr\u00f4le de&nbsp; truc, un truc qui fait\u2026 \u00ab cling \u00bb.<\/em><\/p>\n\n\n\n<div class=\"moz-text-html\" lang=\"x-unicode\">\n<div dir=\"ltr\">\n<div style=\"text-align:center\"><b>Une pi\u00e8ce de Pierre Notte,<\/b><\/div>\n<div style=\"text-align:center\"><\/div>\n<div style=\"text-align:center\"><b>pr\u00e9sent\u00e9e en f\u00e9vrier 2013 au th\u00e9\u00e2tre Noriac (Espace Noriac) \u00e0 Limoges et reprise pendant toute la saison dans diff\u00e9rents lieux : Aixe sur Vienne, dans le cadre de Festh\u00e9a (festival th\u00e9\u00e2tral), Condat, Saint Amand Magnazeix&#8230;<\/b><\/div>\n<div style=\"text-align:center\"><\/div>\n<div style=\"text-align:center\"><b>Avec Pascale Fermon-Colombeau, Anne Gaulier et Jean-Michel Touraine.<\/b><\/div>\n<div style=\"text-align:center\"><b>Mise en sc\u00e8ne : Hubert Lartigue.<\/b><\/div>\n<div style=\"text-align:center\"><b>Lumi\u00e8res : Robert Rousselle.<\/b><\/div><div style=\"text-align:center\"><b>R\u00e9gie-son : Florence Couliou.<\/b><\/div><\/div>\n\n\n\n<figure class=\"wp-block-image size-large\"><img loading=\"lazy\" decoding=\"async\" width=\"1024\" height=\"684\" src=\"https:\/\/cie-lespiedsdanslesetoiles.fr\/wp-content\/uploads\/2024\/03\/DSC_1404-BorderMaker-1024x684.jpg\" alt=\"\" class=\"wp-image-534\" srcset=\"https:\/\/cie-lespiedsdanslesetoiles.fr\/wp-content\/uploads\/2024\/03\/DSC_1404-BorderMaker-1024x684.jpg 1024w, https:\/\/cie-lespiedsdanslesetoiles.fr\/wp-content\/uploads\/2024\/03\/DSC_1404-BorderMaker-300x200.jpg 300w, https:\/\/cie-lespiedsdanslesetoiles.fr\/wp-content\/uploads\/2024\/03\/DSC_1404-BorderMaker-768x513.jpg 768w, https:\/\/cie-lespiedsdanslesetoiles.fr\/wp-content\/uploads\/2024\/03\/DSC_1404-BorderMaker-1536x1025.jpg 1536w, https:\/\/cie-lespiedsdanslesetoiles.fr\/wp-content\/uploads\/2024\/03\/DSC_1404-BorderMaker.jpg 2000w\" sizes=\"auto, (max-width: 1024px) 100vw, 1024px\" \/><\/figure>\n\n\n\n<figure class=\"wp-block-image size-large\"><img loading=\"lazy\" decoding=\"async\" width=\"1024\" height=\"676\" src=\"https:\/\/cie-lespiedsdanslesetoiles.fr\/wp-content\/uploads\/2024\/03\/DSC_1541-BorderMaker-1024x676.jpg\" alt=\"\" class=\"wp-image-537\" srcset=\"https:\/\/cie-lespiedsdanslesetoiles.fr\/wp-content\/uploads\/2024\/03\/DSC_1541-BorderMaker-1024x676.jpg 1024w, https:\/\/cie-lespiedsdanslesetoiles.fr\/wp-content\/uploads\/2024\/03\/DSC_1541-BorderMaker-300x198.jpg 300w, https:\/\/cie-lespiedsdanslesetoiles.fr\/wp-content\/uploads\/2024\/03\/DSC_1541-BorderMaker-768x507.jpg 768w, https:\/\/cie-lespiedsdanslesetoiles.fr\/wp-content\/uploads\/2024\/03\/DSC_1541-BorderMaker-1536x1014.jpg 1536w, https:\/\/cie-lespiedsdanslesetoiles.fr\/wp-content\/uploads\/2024\/03\/DSC_1541-BorderMaker.jpg 2000w\" sizes=\"auto, (max-width: 1024px) 100vw, 1024px\" \/><\/figure>\n\n\n\n<figure class=\"wp-block-image size-large\"><img loading=\"lazy\" decoding=\"async\" width=\"1024\" height=\"752\" src=\"https:\/\/cie-lespiedsdanslesetoiles.fr\/wp-content\/uploads\/2024\/03\/DSC_1490-BorderMaker-1024x752.jpg\" alt=\"\" class=\"wp-image-536\" srcset=\"https:\/\/cie-lespiedsdanslesetoiles.fr\/wp-content\/uploads\/2024\/03\/DSC_1490-BorderMaker-1024x752.jpg 1024w, https:\/\/cie-lespiedsdanslesetoiles.fr\/wp-content\/uploads\/2024\/03\/DSC_1490-BorderMaker-300x220.jpg 300w, https:\/\/cie-lespiedsdanslesetoiles.fr\/wp-content\/uploads\/2024\/03\/DSC_1490-BorderMaker-768x564.jpg 768w, https:\/\/cie-lespiedsdanslesetoiles.fr\/wp-content\/uploads\/2024\/03\/DSC_1490-BorderMaker-1536x1128.jpg 1536w, https:\/\/cie-lespiedsdanslesetoiles.fr\/wp-content\/uploads\/2024\/03\/DSC_1490-BorderMaker.jpg 2000w\" sizes=\"auto, (max-width: 1024px) 100vw, 1024px\" \/><\/figure>\n\n\n\n<figure class=\"wp-block-image size-large\"><img loading=\"lazy\" decoding=\"async\" width=\"686\" height=\"1024\" src=\"https:\/\/cie-lespiedsdanslesetoiles.fr\/wp-content\/uploads\/2024\/03\/DSC_1455-BorderMaker-686x1024.jpg\" alt=\"\" class=\"wp-image-535\" srcset=\"https:\/\/cie-lespiedsdanslesetoiles.fr\/wp-content\/uploads\/2024\/03\/DSC_1455-BorderMaker-686x1024.jpg 686w, https:\/\/cie-lespiedsdanslesetoiles.fr\/wp-content\/uploads\/2024\/03\/DSC_1455-BorderMaker-201x300.jpg 201w, https:\/\/cie-lespiedsdanslesetoiles.fr\/wp-content\/uploads\/2024\/03\/DSC_1455-BorderMaker-768x1146.jpg 768w, https:\/\/cie-lespiedsdanslesetoiles.fr\/wp-content\/uploads\/2024\/03\/DSC_1455-BorderMaker-1029x1536.jpg 1029w, https:\/\/cie-lespiedsdanslesetoiles.fr\/wp-content\/uploads\/2024\/03\/DSC_1455-BorderMaker.jpg 1340w\" sizes=\"auto, (max-width: 686px) 100vw, 686px\" \/><\/figure>\n\n\n\n<figure class=\"wp-block-image size-large\"><img loading=\"lazy\" decoding=\"async\" width=\"1024\" height=\"701\" src=\"https:\/\/cie-lespiedsdanslesetoiles.fr\/wp-content\/uploads\/2024\/03\/DSC_1670-BorderMaker-1024x701.jpg\" alt=\"\" class=\"wp-image-538\" srcset=\"https:\/\/cie-lespiedsdanslesetoiles.fr\/wp-content\/uploads\/2024\/03\/DSC_1670-BorderMaker-1024x701.jpg 1024w, https:\/\/cie-lespiedsdanslesetoiles.fr\/wp-content\/uploads\/2024\/03\/DSC_1670-BorderMaker-300x206.jpg 300w, https:\/\/cie-lespiedsdanslesetoiles.fr\/wp-content\/uploads\/2024\/03\/DSC_1670-BorderMaker-768x526.jpg 768w, https:\/\/cie-lespiedsdanslesetoiles.fr\/wp-content\/uploads\/2024\/03\/DSC_1670-BorderMaker-1536x1052.jpg 1536w, https:\/\/cie-lespiedsdanslesetoiles.fr\/wp-content\/uploads\/2024\/03\/DSC_1670-BorderMaker.jpg 2000w\" sizes=\"auto, (max-width: 1024px) 100vw, 1024px\" \/><\/figure>\n\n\n\n<p class=\"has-text-align-center\"><strong>Photos G\u00e9rard Rousselle<\/strong><\/p>\n","protected":false},"excerpt":{"rendered":"<p>Les voil\u00e0 ces 2 p&rsquo;tites dames, Annette et Bernadette, deux s\u0153urs \u00ab comme on en fait rarement \u00bb qui, aux obs\u00e8ques de leur m\u00e8re, d\u00e9cident de partir vers le nord, \u00e0 la recherche du p\u00e8re\u2026 ou du moins de ses restes. Et quand c\u2019est d\u00e9cid\u00e9, c\u2019est d\u00e9cid\u00e9 : quitte \u00e0 voler un autocar pour sillonner&#8230;<\/p>\n","protected":false},"author":1,"featured_media":0,"parent":29,"menu_order":8,"comment_status":"closed","ping_status":"closed","template":"","meta":{"_kad_post_transparent":"","_kad_post_title":"","_kad_post_layout":"","_kad_post_sidebar_id":"","_kad_post_content_style":"","_kad_post_vertical_padding":"","_kad_post_feature":"","_kad_post_feature_position":"","_kad_post_header":false,"_kad_post_footer":false,"footnotes":""},"class_list":["post-45","page","type-page","status-publish","hentry"],"_links":{"self":[{"href":"https:\/\/cie-lespiedsdanslesetoiles.fr\/index.php\/wp-json\/wp\/v2\/pages\/45","targetHints":{"allow":["GET"]}}],"collection":[{"href":"https:\/\/cie-lespiedsdanslesetoiles.fr\/index.php\/wp-json\/wp\/v2\/pages"}],"about":[{"href":"https:\/\/cie-lespiedsdanslesetoiles.fr\/index.php\/wp-json\/wp\/v2\/types\/page"}],"author":[{"embeddable":true,"href":"https:\/\/cie-lespiedsdanslesetoiles.fr\/index.php\/wp-json\/wp\/v2\/users\/1"}],"replies":[{"embeddable":true,"href":"https:\/\/cie-lespiedsdanslesetoiles.fr\/index.php\/wp-json\/wp\/v2\/comments?post=45"}],"version-history":[{"count":9,"href":"https:\/\/cie-lespiedsdanslesetoiles.fr\/index.php\/wp-json\/wp\/v2\/pages\/45\/revisions"}],"predecessor-version":[{"id":541,"href":"https:\/\/cie-lespiedsdanslesetoiles.fr\/index.php\/wp-json\/wp\/v2\/pages\/45\/revisions\/541"}],"up":[{"embeddable":true,"href":"https:\/\/cie-lespiedsdanslesetoiles.fr\/index.php\/wp-json\/wp\/v2\/pages\/29"}],"wp:attachment":[{"href":"https:\/\/cie-lespiedsdanslesetoiles.fr\/index.php\/wp-json\/wp\/v2\/media?parent=45"}],"curies":[{"name":"wp","href":"https:\/\/api.w.org\/{rel}","templated":true}]}}