{"id":43,"date":"2024-01-25T10:55:09","date_gmt":"2024-01-25T09:55:09","guid":{"rendered":"https:\/\/cie-lespiedsdanslesetoiles.fr\/?page_id=43"},"modified":"2024-08-15T09:07:30","modified_gmt":"2024-08-15T07:07:30","slug":"2010-les-astres-noirs","status":"publish","type":"page","link":"https:\/\/cie-lespiedsdanslesetoiles.fr\/index.php\/nos-representations-passees\/2010-les-astres-noirs\/","title":{"rendered":"2010 &#8211; Les astres noirs"},"content":{"rendered":"\n<figure class=\"wp-block-image size-large\"><img loading=\"lazy\" decoding=\"async\" width=\"768\" height=\"1024\" src=\"https:\/\/cie-lespiedsdanslesetoiles.fr\/wp-content\/uploads\/2024\/02\/Affiche-Astres-noirs-FERMON-768x1024.jpg\" alt=\"\" class=\"wp-image-469\" srcset=\"https:\/\/cie-lespiedsdanslesetoiles.fr\/wp-content\/uploads\/2024\/02\/Affiche-Astres-noirs-FERMON-768x1024.jpg 768w, https:\/\/cie-lespiedsdanslesetoiles.fr\/wp-content\/uploads\/2024\/02\/Affiche-Astres-noirs-FERMON-225x300.jpg 225w, https:\/\/cie-lespiedsdanslesetoiles.fr\/wp-content\/uploads\/2024\/02\/Affiche-Astres-noirs-FERMON-1152x1536.jpg 1152w, https:\/\/cie-lespiedsdanslesetoiles.fr\/wp-content\/uploads\/2024\/02\/Affiche-Astres-noirs-FERMON-1536x2048.jpg 1536w, https:\/\/cie-lespiedsdanslesetoiles.fr\/wp-content\/uploads\/2024\/02\/Affiche-Astres-noirs-FERMON-scaled.jpg 1920w\" sizes=\"auto, (max-width: 768px) 100vw, 768px\" \/><\/figure>\n\n\n\n<p class=\"has-text-align-center\"><em>Po\u00e9sies et souvenir du temps de guerre (extraits). N\u00e9 \u00e0 Paris en 1917, a\u00een\u00e9 d&rsquo;une famille de 7 enfants, Gilbert Fermon a \u00e9crit pas moins de 200 po\u00e8mes ainsi qu&rsquo;une pi\u00e8ce de th\u00e9\u00e2tre. Le recueil de po\u00e8mes \u00ab&nbsp;Les Astres Noirs&nbsp;\u00bb a \u00e9t\u00e9 \u00e9crit entre 1934 et 1945 alors qu&rsquo;il \u00e9tait militaire et prisonnier. Cependant, la majorit\u00e9 de ces po\u00e8mes ne parle pas directement de la guerre. L&rsquo;\u00e9criture, en cette p\u00e9riode difficile, \u00e9tait pour lui une \u00e9vasion de l&rsquo;esprit, la possibilit\u00e9 de retrouver un monde plus beau et d&rsquo;exorciser ses d\u00e9mons&#8230;<\/em><\/p>\n\n\n\n<div class=\"moz-text-html\" lang=\"x-unicode\">\n<div dir=\"ltr\">\n<div style=\"text-align:center\"><b>\u00ab Mettre en sc\u00e8ne  quelques-uns de ses po\u00e8mes, les faire lire et vivre par 2 com\u00e9diens chevronn\u00e9s et les faire jouer du vivant de mon p\u00e8re \u00e9tait pour moi un projet qui me tenait particuli\u00e8rement \u00e0 c\u0153ur \u00bb. Pascale Fermon-Colombeau.<\/b><\/div>\n<div style=\"text-align:center\"><\/div>\n<div style=\"text-align:center\"><b>Po\u00e8mes interpr\u00e9t\u00e9s et pr\u00e9sent\u00e9s en 2010 au Poudrier puis repris au th\u00e9\u00e2tre Expression 7 \u00e0 Limoges lors de la saison 2012.<\/b><\/div>\n<div style=\"text-align:center\"><\/div>\n<div style=\"text-align:center\"><b>Avec Jan-Luc Delage et Hubert Lartigue.<\/b><\/div>\n<div style=\"text-align:center\"><b>Mise en sc\u00e8ne de Pascale Fermon-Colombeau et Hubert Lartigue.<div style=\"text-align:center\"><b><\/b><\/div>\n<\/div>\n\n\n\n<figure class=\"wp-block-image size-large\"><img loading=\"lazy\" decoding=\"async\" width=\"1024\" height=\"941\" src=\"https:\/\/cie-lespiedsdanslesetoiles.fr\/wp-content\/uploads\/2024\/02\/Astres-noirs-p70-v2-1024x941.jpg\" alt=\"\" class=\"wp-image-522\" srcset=\"https:\/\/cie-lespiedsdanslesetoiles.fr\/wp-content\/uploads\/2024\/02\/Astres-noirs-p70-v2-1024x941.jpg 1024w, https:\/\/cie-lespiedsdanslesetoiles.fr\/wp-content\/uploads\/2024\/02\/Astres-noirs-p70-v2-300x276.jpg 300w, https:\/\/cie-lespiedsdanslesetoiles.fr\/wp-content\/uploads\/2024\/02\/Astres-noirs-p70-v2-768x706.jpg 768w, https:\/\/cie-lespiedsdanslesetoiles.fr\/wp-content\/uploads\/2024\/02\/Astres-noirs-p70-v2-1536x1411.jpg 1536w, https:\/\/cie-lespiedsdanslesetoiles.fr\/wp-content\/uploads\/2024\/02\/Astres-noirs-p70-v2-2048x1882.jpg 2048w\" sizes=\"auto, (max-width: 1024px) 100vw, 1024px\" \/><\/figure>\n\n\n\n<figure class=\"wp-block-image size-full\"><img loading=\"lazy\" decoding=\"async\" width=\"960\" height=\"720\" src=\"https:\/\/cie-lespiedsdanslesetoiles.fr\/wp-content\/uploads\/2024\/08\/astres-jl-2.jpg\" alt=\"\" class=\"wp-image-626\" srcset=\"https:\/\/cie-lespiedsdanslesetoiles.fr\/wp-content\/uploads\/2024\/08\/astres-jl-2.jpg 960w, https:\/\/cie-lespiedsdanslesetoiles.fr\/wp-content\/uploads\/2024\/08\/astres-jl-2-300x225.jpg 300w, https:\/\/cie-lespiedsdanslesetoiles.fr\/wp-content\/uploads\/2024\/08\/astres-jl-2-768x576.jpg 768w\" sizes=\"auto, (max-width: 960px) 100vw, 960px\" \/><\/figure>\n\n\n\n<figure class=\"wp-block-image size-large\"><img loading=\"lazy\" decoding=\"async\" width=\"1024\" height=\"576\" src=\"https:\/\/cie-lespiedsdanslesetoiles.fr\/wp-content\/uploads\/2024\/08\/Astres-Noirs-01-1024x576.jpg\" alt=\"\" class=\"wp-image-624\" srcset=\"https:\/\/cie-lespiedsdanslesetoiles.fr\/wp-content\/uploads\/2024\/08\/Astres-Noirs-01-1024x576.jpg 1024w, https:\/\/cie-lespiedsdanslesetoiles.fr\/wp-content\/uploads\/2024\/08\/Astres-Noirs-01-300x169.jpg 300w, https:\/\/cie-lespiedsdanslesetoiles.fr\/wp-content\/uploads\/2024\/08\/Astres-Noirs-01-768x432.jpg 768w, https:\/\/cie-lespiedsdanslesetoiles.fr\/wp-content\/uploads\/2024\/08\/Astres-Noirs-01-1536x864.jpg 1536w, https:\/\/cie-lespiedsdanslesetoiles.fr\/wp-content\/uploads\/2024\/08\/Astres-Noirs-01-2048x1152.jpg 2048w\" sizes=\"auto, (max-width: 1024px) 100vw, 1024px\" \/><\/figure>\n\n\n\n<figure class=\"wp-block-image size-large\"><img loading=\"lazy\" decoding=\"async\" width=\"1024\" height=\"576\" src=\"https:\/\/cie-lespiedsdanslesetoiles.fr\/wp-content\/uploads\/2024\/08\/Astres-Noirs-07-1024x576.jpg\" alt=\"\" class=\"wp-image-627\" srcset=\"https:\/\/cie-lespiedsdanslesetoiles.fr\/wp-content\/uploads\/2024\/08\/Astres-Noirs-07-1024x576.jpg 1024w, https:\/\/cie-lespiedsdanslesetoiles.fr\/wp-content\/uploads\/2024\/08\/Astres-Noirs-07-300x169.jpg 300w, https:\/\/cie-lespiedsdanslesetoiles.fr\/wp-content\/uploads\/2024\/08\/Astres-Noirs-07-768x432.jpg 768w, https:\/\/cie-lespiedsdanslesetoiles.fr\/wp-content\/uploads\/2024\/08\/Astres-Noirs-07-1536x864.jpg 1536w, https:\/\/cie-lespiedsdanslesetoiles.fr\/wp-content\/uploads\/2024\/08\/Astres-Noirs-07-2048x1152.jpg 2048w\" sizes=\"auto, (max-width: 1024px) 100vw, 1024px\" \/><\/figure>\n\n\n\n<figure class=\"wp-block-image size-full\"><img loading=\"lazy\" decoding=\"async\" width=\"960\" height=\"720\" src=\"https:\/\/cie-lespiedsdanslesetoiles.fr\/wp-content\/uploads\/2024\/08\/astres-jl.jpg\" alt=\"\" class=\"wp-image-625\" srcset=\"https:\/\/cie-lespiedsdanslesetoiles.fr\/wp-content\/uploads\/2024\/08\/astres-jl.jpg 960w, https:\/\/cie-lespiedsdanslesetoiles.fr\/wp-content\/uploads\/2024\/08\/astres-jl-300x225.jpg 300w, https:\/\/cie-lespiedsdanslesetoiles.fr\/wp-content\/uploads\/2024\/08\/astres-jl-768x576.jpg 768w\" sizes=\"auto, (max-width: 960px) 100vw, 960px\" \/><\/figure>\n\n\n\n<figure class=\"wp-block-image size-large\"><img loading=\"lazy\" decoding=\"async\" width=\"1024\" height=\"576\" src=\"https:\/\/cie-lespiedsdanslesetoiles.fr\/wp-content\/uploads\/2024\/08\/Astres-Noirs-05-1024x576.jpg\" alt=\"\" class=\"wp-image-628\" srcset=\"https:\/\/cie-lespiedsdanslesetoiles.fr\/wp-content\/uploads\/2024\/08\/Astres-Noirs-05-1024x576.jpg 1024w, https:\/\/cie-lespiedsdanslesetoiles.fr\/wp-content\/uploads\/2024\/08\/Astres-Noirs-05-300x169.jpg 300w, https:\/\/cie-lespiedsdanslesetoiles.fr\/wp-content\/uploads\/2024\/08\/Astres-Noirs-05-768x432.jpg 768w, https:\/\/cie-lespiedsdanslesetoiles.fr\/wp-content\/uploads\/2024\/08\/Astres-Noirs-05-1536x864.jpg 1536w, https:\/\/cie-lespiedsdanslesetoiles.fr\/wp-content\/uploads\/2024\/08\/Astres-Noirs-05-2048x1152.jpg 2048w\" sizes=\"auto, (max-width: 1024px) 100vw, 1024px\" \/><\/figure>\n\n\n\n<p><\/p>\n","protected":false},"excerpt":{"rendered":"<p>Po\u00e9sies et souvenir du temps de guerre (extraits). N\u00e9 \u00e0 Paris en 1917, a\u00een\u00e9 d&rsquo;une famille de 7 enfants, Gilbert Fermon a \u00e9crit pas moins de 200 po\u00e8mes ainsi qu&rsquo;une pi\u00e8ce de th\u00e9\u00e2tre. Le recueil de po\u00e8mes \u00ab&nbsp;Les Astres Noirs&nbsp;\u00bb a \u00e9t\u00e9 \u00e9crit entre 1934 et 1945 alors qu&rsquo;il \u00e9tait militaire et prisonnier. Cependant, la&#8230;<\/p>\n","protected":false},"author":1,"featured_media":0,"parent":29,"menu_order":10,"comment_status":"closed","ping_status":"closed","template":"","meta":{"_kad_post_transparent":"","_kad_post_title":"","_kad_post_layout":"","_kad_post_sidebar_id":"","_kad_post_content_style":"","_kad_post_vertical_padding":"","_kad_post_feature":"","_kad_post_feature_position":"","_kad_post_header":false,"_kad_post_footer":false,"footnotes":""},"class_list":["post-43","page","type-page","status-publish","hentry"],"_links":{"self":[{"href":"https:\/\/cie-lespiedsdanslesetoiles.fr\/index.php\/wp-json\/wp\/v2\/pages\/43","targetHints":{"allow":["GET"]}}],"collection":[{"href":"https:\/\/cie-lespiedsdanslesetoiles.fr\/index.php\/wp-json\/wp\/v2\/pages"}],"about":[{"href":"https:\/\/cie-lespiedsdanslesetoiles.fr\/index.php\/wp-json\/wp\/v2\/types\/page"}],"author":[{"embeddable":true,"href":"https:\/\/cie-lespiedsdanslesetoiles.fr\/index.php\/wp-json\/wp\/v2\/users\/1"}],"replies":[{"embeddable":true,"href":"https:\/\/cie-lespiedsdanslesetoiles.fr\/index.php\/wp-json\/wp\/v2\/comments?post=43"}],"version-history":[{"count":15,"href":"https:\/\/cie-lespiedsdanslesetoiles.fr\/index.php\/wp-json\/wp\/v2\/pages\/43\/revisions"}],"predecessor-version":[{"id":630,"href":"https:\/\/cie-lespiedsdanslesetoiles.fr\/index.php\/wp-json\/wp\/v2\/pages\/43\/revisions\/630"}],"up":[{"embeddable":true,"href":"https:\/\/cie-lespiedsdanslesetoiles.fr\/index.php\/wp-json\/wp\/v2\/pages\/29"}],"wp:attachment":[{"href":"https:\/\/cie-lespiedsdanslesetoiles.fr\/index.php\/wp-json\/wp\/v2\/media?parent=43"}],"curies":[{"name":"wp","href":"https:\/\/api.w.org\/{rel}","templated":true}]}}