{"id":39,"date":"2024-01-25T10:52:34","date_gmt":"2024-01-25T09:52:34","guid":{"rendered":"https:\/\/cie-lespiedsdanslesetoiles.fr\/?page_id=39"},"modified":"2024-02-29T21:18:31","modified_gmt":"2024-02-29T20:18:31","slug":"2008-hotel-des-2-mondes","status":"publish","type":"page","link":"https:\/\/cie-lespiedsdanslesetoiles.fr\/index.php\/nos-representations-passees\/2008-hotel-des-2-mondes\/","title":{"rendered":"2008 &#8211; H\u00f4tel des 2 mondes"},"content":{"rendered":"\n<figure class=\"wp-block-image size-large\"><img loading=\"lazy\" decoding=\"async\" width=\"768\" height=\"1024\" src=\"https:\/\/cie-lespiedsdanslesetoiles.fr\/wp-content\/uploads\/2024\/02\/PreseAFFICHE-HD2M-V2-768x1024.jpg\" alt=\"\" class=\"wp-image-442\" srcset=\"https:\/\/cie-lespiedsdanslesetoiles.fr\/wp-content\/uploads\/2024\/02\/PreseAFFICHE-HD2M-V2-768x1024.jpg 768w, https:\/\/cie-lespiedsdanslesetoiles.fr\/wp-content\/uploads\/2024\/02\/PreseAFFICHE-HD2M-V2-225x300.jpg 225w, https:\/\/cie-lespiedsdanslesetoiles.fr\/wp-content\/uploads\/2024\/02\/PreseAFFICHE-HD2M-V2-1152x1536.jpg 1152w, https:\/\/cie-lespiedsdanslesetoiles.fr\/wp-content\/uploads\/2024\/02\/PreseAFFICHE-HD2M-V2-1536x2048.jpg 1536w, https:\/\/cie-lespiedsdanslesetoiles.fr\/wp-content\/uploads\/2024\/02\/PreseAFFICHE-HD2M-V2-scaled.jpg 1920w\" sizes=\"auto, (max-width: 768px) 100vw, 768px\" \/><\/figure>\n\n\n\n<p class=\"has-text-align-center\"><em>Aucun client ne sait comment il est arriv\u00e9 \u00e0 l&rsquo;H\u00f4tel&nbsp;des deux  mondes. Personne ne sait quand il pourra repartir, ni vers quelle  destination. Un texte sensible et d\u00e9licat o\u00f9 chacun pourra puiser ce qui satisfera ses propres convictions et ses propres r\u00e8gles de vie&#8230;<\/em><\/p>\n\n\n\n<div class=\"moz-text-html\" lang=\"x-unicode\">\n<div dir=\"ltr\">\n<div style=\"text-align:center\"><b>Une pi\u00e8ce d&rsquo;Eric-Emmanuel Schmitt,<\/b><\/div>\n<div style=\"text-align:center\"><\/div>\n<div style=\"text-align:center\"><b>pr\u00e9sent\u00e9e en novembre 2008 au th\u00e9\u00e2tre Noriac (Espace Noriac) \u00e0 Limoges puis reprise dans diff\u00e9rents lieux de la r\u00e9gion tout au long de la saison ainsi que courant 2009.<\/b><\/div>\n<div style=\"text-align:center\"><\/div>\n<div style=\"text-align:center\"><b>Avec Jan-Luc Delage, Mich\u00e8le Dupuy, Pascale Fermon-Colombeau, Anne Gaulier, Iojik, Hubert Lartigue, Jacques Triau et avec la participation de Jeanne Pinaud et Hugo Vilette.<\/b><\/div>\n<div style=\"text-align:center\"><b>Mise en sc\u00e8ne : Pascale Fermon-Colombeau.<\/b><\/div>\n<div style=\"text-align:center\"><b>Lumi\u00e8res : Robert Rousselle.<\/b><\/div><div style=\"text-align:center\"><b>Assistante : Florence Couliou.<\/b><\/div><\/div>\n\n\n\n<figure class=\"wp-block-image size-large\"><img loading=\"lazy\" decoding=\"async\" width=\"746\" height=\"1024\" src=\"https:\/\/cie-lespiedsdanslesetoiles.fr\/wp-content\/uploads\/2024\/02\/Hotel-des-deux-mondes-1-746x1024.jpg\" alt=\"\" class=\"wp-image-490\" srcset=\"https:\/\/cie-lespiedsdanslesetoiles.fr\/wp-content\/uploads\/2024\/02\/Hotel-des-deux-mondes-1-746x1024.jpg 746w, https:\/\/cie-lespiedsdanslesetoiles.fr\/wp-content\/uploads\/2024\/02\/Hotel-des-deux-mondes-1-219x300.jpg 219w, https:\/\/cie-lespiedsdanslesetoiles.fr\/wp-content\/uploads\/2024\/02\/Hotel-des-deux-mondes-1-768x1054.jpg 768w, https:\/\/cie-lespiedsdanslesetoiles.fr\/wp-content\/uploads\/2024\/02\/Hotel-des-deux-mondes-1-1120x1536.jpg 1120w, https:\/\/cie-lespiedsdanslesetoiles.fr\/wp-content\/uploads\/2024\/02\/Hotel-des-deux-mondes-1.jpg 1369w\" sizes=\"auto, (max-width: 746px) 100vw, 746px\" \/><\/figure>\n\n\n\n<figure class=\"wp-block-image size-large\"><img loading=\"lazy\" decoding=\"async\" width=\"1024\" height=\"680\" src=\"https:\/\/cie-lespiedsdanslesetoiles.fr\/wp-content\/uploads\/2024\/02\/Hotel-des-deux-mondes-2-1024x680.jpg\" alt=\"\" class=\"wp-image-491\" srcset=\"https:\/\/cie-lespiedsdanslesetoiles.fr\/wp-content\/uploads\/2024\/02\/Hotel-des-deux-mondes-2-1024x680.jpg 1024w, https:\/\/cie-lespiedsdanslesetoiles.fr\/wp-content\/uploads\/2024\/02\/Hotel-des-deux-mondes-2-300x199.jpg 300w, https:\/\/cie-lespiedsdanslesetoiles.fr\/wp-content\/uploads\/2024\/02\/Hotel-des-deux-mondes-2-768x510.jpg 768w, https:\/\/cie-lespiedsdanslesetoiles.fr\/wp-content\/uploads\/2024\/02\/Hotel-des-deux-mondes-2-1536x1020.jpg 1536w, https:\/\/cie-lespiedsdanslesetoiles.fr\/wp-content\/uploads\/2024\/02\/Hotel-des-deux-mondes-2-2048x1360.jpg 2048w\" sizes=\"auto, (max-width: 1024px) 100vw, 1024px\" \/><\/figure>\n\n\n\n<figure class=\"wp-block-image size-large\"><img loading=\"lazy\" decoding=\"async\" width=\"1024\" height=\"613\" src=\"https:\/\/cie-lespiedsdanslesetoiles.fr\/wp-content\/uploads\/2024\/02\/Hotel-des-deux-mondes-3-1024x613.jpg\" alt=\"\" class=\"wp-image-492\" srcset=\"https:\/\/cie-lespiedsdanslesetoiles.fr\/wp-content\/uploads\/2024\/02\/Hotel-des-deux-mondes-3-1024x613.jpg 1024w, https:\/\/cie-lespiedsdanslesetoiles.fr\/wp-content\/uploads\/2024\/02\/Hotel-des-deux-mondes-3-300x180.jpg 300w, https:\/\/cie-lespiedsdanslesetoiles.fr\/wp-content\/uploads\/2024\/02\/Hotel-des-deux-mondes-3-768x460.jpg 768w, https:\/\/cie-lespiedsdanslesetoiles.fr\/wp-content\/uploads\/2024\/02\/Hotel-des-deux-mondes-3-1536x920.jpg 1536w, https:\/\/cie-lespiedsdanslesetoiles.fr\/wp-content\/uploads\/2024\/02\/Hotel-des-deux-mondes-3.jpg 1945w\" sizes=\"auto, (max-width: 1024px) 100vw, 1024px\" \/><\/figure>\n\n\n\n<figure class=\"wp-block-image size-large\"><img loading=\"lazy\" decoding=\"async\" width=\"694\" height=\"1024\" src=\"https:\/\/cie-lespiedsdanslesetoiles.fr\/wp-content\/uploads\/2024\/02\/Hotel-des-deux-mondes-4-694x1024.jpg\" alt=\"\" class=\"wp-image-493\" srcset=\"https:\/\/cie-lespiedsdanslesetoiles.fr\/wp-content\/uploads\/2024\/02\/Hotel-des-deux-mondes-4-694x1024.jpg 694w, https:\/\/cie-lespiedsdanslesetoiles.fr\/wp-content\/uploads\/2024\/02\/Hotel-des-deux-mondes-4-203x300.jpg 203w, https:\/\/cie-lespiedsdanslesetoiles.fr\/wp-content\/uploads\/2024\/02\/Hotel-des-deux-mondes-4-768x1132.jpg 768w, https:\/\/cie-lespiedsdanslesetoiles.fr\/wp-content\/uploads\/2024\/02\/Hotel-des-deux-mondes-4-1042x1536.jpg 1042w, https:\/\/cie-lespiedsdanslesetoiles.fr\/wp-content\/uploads\/2024\/02\/Hotel-des-deux-mondes-4.jpg 1081w\" sizes=\"auto, (max-width: 694px) 100vw, 694px\" \/><\/figure>\n\n\n\n<figure class=\"wp-block-image size-large\"><img loading=\"lazy\" decoding=\"async\" width=\"1024\" height=\"680\" src=\"https:\/\/cie-lespiedsdanslesetoiles.fr\/wp-content\/uploads\/2024\/02\/Hotel-des-deux-mondes-5-1024x680.jpg\" alt=\"\" class=\"wp-image-494\" srcset=\"https:\/\/cie-lespiedsdanslesetoiles.fr\/wp-content\/uploads\/2024\/02\/Hotel-des-deux-mondes-5-1024x680.jpg 1024w, https:\/\/cie-lespiedsdanslesetoiles.fr\/wp-content\/uploads\/2024\/02\/Hotel-des-deux-mondes-5-300x199.jpg 300w, https:\/\/cie-lespiedsdanslesetoiles.fr\/wp-content\/uploads\/2024\/02\/Hotel-des-deux-mondes-5-768x510.jpg 768w, https:\/\/cie-lespiedsdanslesetoiles.fr\/wp-content\/uploads\/2024\/02\/Hotel-des-deux-mondes-5-1536x1020.jpg 1536w, https:\/\/cie-lespiedsdanslesetoiles.fr\/wp-content\/uploads\/2024\/02\/Hotel-des-deux-mondes-5-2048x1360.jpg 2048w\" sizes=\"auto, (max-width: 1024px) 100vw, 1024px\" \/><\/figure>\n\n\n\n<figure class=\"wp-block-image size-large\"><img loading=\"lazy\" decoding=\"async\" width=\"1024\" height=\"689\" src=\"https:\/\/cie-lespiedsdanslesetoiles.fr\/wp-content\/uploads\/2024\/02\/Hotel-des-deux-mondes-6-1024x689.jpg\" alt=\"\" class=\"wp-image-495\" srcset=\"https:\/\/cie-lespiedsdanslesetoiles.fr\/wp-content\/uploads\/2024\/02\/Hotel-des-deux-mondes-6-1024x689.jpg 1024w, https:\/\/cie-lespiedsdanslesetoiles.fr\/wp-content\/uploads\/2024\/02\/Hotel-des-deux-mondes-6-300x202.jpg 300w, https:\/\/cie-lespiedsdanslesetoiles.fr\/wp-content\/uploads\/2024\/02\/Hotel-des-deux-mondes-6-768x516.jpg 768w, https:\/\/cie-lespiedsdanslesetoiles.fr\/wp-content\/uploads\/2024\/02\/Hotel-des-deux-mondes-6-1536x1033.jpg 1536w, https:\/\/cie-lespiedsdanslesetoiles.fr\/wp-content\/uploads\/2024\/02\/Hotel-des-deux-mondes-6.jpg 1786w\" sizes=\"auto, (max-width: 1024px) 100vw, 1024px\" \/><\/figure>\n","protected":false},"excerpt":{"rendered":"<p>Aucun client ne sait comment il est arriv\u00e9 \u00e0 l&rsquo;H\u00f4tel&nbsp;des deux mondes. Personne ne sait quand il pourra repartir, ni vers quelle destination. Un texte sensible et d\u00e9licat o\u00f9 chacun pourra puiser ce qui satisfera ses propres convictions et ses propres r\u00e8gles de vie&#8230; Une pi\u00e8ce d&rsquo;Eric-Emmanuel Schmitt, pr\u00e9sent\u00e9e en novembre 2008 au th\u00e9\u00e2tre Noriac&#8230;<\/p>\n","protected":false},"author":1,"featured_media":0,"parent":29,"menu_order":13,"comment_status":"closed","ping_status":"closed","template":"","meta":{"_kad_post_transparent":"","_kad_post_title":"","_kad_post_layout":"","_kad_post_sidebar_id":"","_kad_post_content_style":"","_kad_post_vertical_padding":"","_kad_post_feature":"","_kad_post_feature_position":"","_kad_post_header":false,"_kad_post_footer":false,"footnotes":""},"class_list":["post-39","page","type-page","status-publish","hentry"],"_links":{"self":[{"href":"https:\/\/cie-lespiedsdanslesetoiles.fr\/index.php\/wp-json\/wp\/v2\/pages\/39","targetHints":{"allow":["GET"]}}],"collection":[{"href":"https:\/\/cie-lespiedsdanslesetoiles.fr\/index.php\/wp-json\/wp\/v2\/pages"}],"about":[{"href":"https:\/\/cie-lespiedsdanslesetoiles.fr\/index.php\/wp-json\/wp\/v2\/types\/page"}],"author":[{"embeddable":true,"href":"https:\/\/cie-lespiedsdanslesetoiles.fr\/index.php\/wp-json\/wp\/v2\/users\/1"}],"replies":[{"embeddable":true,"href":"https:\/\/cie-lespiedsdanslesetoiles.fr\/index.php\/wp-json\/wp\/v2\/comments?post=39"}],"version-history":[{"count":8,"href":"https:\/\/cie-lespiedsdanslesetoiles.fr\/index.php\/wp-json\/wp\/v2\/pages\/39\/revisions"}],"predecessor-version":[{"id":497,"href":"https:\/\/cie-lespiedsdanslesetoiles.fr\/index.php\/wp-json\/wp\/v2\/pages\/39\/revisions\/497"}],"up":[{"embeddable":true,"href":"https:\/\/cie-lespiedsdanslesetoiles.fr\/index.php\/wp-json\/wp\/v2\/pages\/29"}],"wp:attachment":[{"href":"https:\/\/cie-lespiedsdanslesetoiles.fr\/index.php\/wp-json\/wp\/v2\/media?parent=39"}],"curies":[{"name":"wp","href":"https:\/\/api.w.org\/{rel}","templated":true}]}}