{"id":35,"date":"2024-01-25T10:47:41","date_gmt":"2024-01-25T09:47:41","guid":{"rendered":"https:\/\/cie-lespiedsdanslesetoiles.fr\/?page_id=35"},"modified":"2024-02-21T11:12:05","modified_gmt":"2024-02-21T10:12:05","slug":"2019-le-silence-de-la-mer","status":"publish","type":"page","link":"https:\/\/cie-lespiedsdanslesetoiles.fr\/index.php\/nos-representations-passees\/2019-le-silence-de-la-mer\/","title":{"rendered":"2019 &#8211; Le silence de la mer"},"content":{"rendered":"\n<figure class=\"wp-block-image size-large\"><img loading=\"lazy\" decoding=\"async\" width=\"768\" height=\"1024\" src=\"https:\/\/cie-lespiedsdanslesetoiles.fr\/wp-content\/uploads\/2024\/02\/Affiche-Silence-mer--768x1024.jpg\" alt=\"\" class=\"wp-image-265\" srcset=\"https:\/\/cie-lespiedsdanslesetoiles.fr\/wp-content\/uploads\/2024\/02\/Affiche-Silence-mer--768x1024.jpg 768w, https:\/\/cie-lespiedsdanslesetoiles.fr\/wp-content\/uploads\/2024\/02\/Affiche-Silence-mer--225x300.jpg 225w, https:\/\/cie-lespiedsdanslesetoiles.fr\/wp-content\/uploads\/2024\/02\/Affiche-Silence-mer--1152x1536.jpg 1152w, https:\/\/cie-lespiedsdanslesetoiles.fr\/wp-content\/uploads\/2024\/02\/Affiche-Silence-mer--1536x2048.jpg 1536w, https:\/\/cie-lespiedsdanslesetoiles.fr\/wp-content\/uploads\/2024\/02\/Affiche-Silence-mer--scaled.jpg 1920w\" sizes=\"auto, (max-width: 768px) 100vw, 768px\" \/><\/figure>\n\n\n<p><p class=\"has-text-align-center\" align=\"center\" style=\"margin:0cm;margin-bottom:\n.0001pt;text-align:center\"><em>1941. Dans une petite ville en bord de mer, un homme et sa ni\u00e8ce se voient contraints de loger chez eux un officier allemand.<\/em><\/p>\n<p class=\"has-text-align-center\" align=\"center\" style=\"margin:0cm;margin-bottom:\n.0001pt;text-align:center\"><em>C\u2019est par un mutisme affirm\u00e9 et constant qu\u2019ils vont manifester leur opposition \u00e0 l\u2019invasion de l\u2019ennemi.<\/em><\/p>\n<p class=\"has-text-align-center\" align=\"center\" style=\"margin:0cm;margin-bottom:\n.0001pt;text-align:center\"><em>Attitude d\u2019autant plus difficile que cet officier se r\u00e9v\u00e8le d\u00e9licat, courtois et cultiv\u00e9 !<\/em><\/p>\n<\/p>\n\n<div class=\"moz-text-html\" lang=\"x-unicode\">\n<div dir=\"ltr\">\n<div style=\"text-align:center\"><b>Une pi\u00e8ce de VERCORS\u00a0<\/b><\/div>\n<div style=\"text-align:center\"><\/div>\n<div style=\"text-align:center\"><b>Pr\u00e9sent\u00e9e en Mars 2019 au th\u00e9\u00e2tre NORIAC (Espace Noriac) \u00e0 Limoges.\u00a0<\/b><\/div>\n<div style=\"text-align:center\"><\/div>\n<div style=\"text-align:center\"><b>Avec Elisabeth Labesse, Philippe Lars et Hubert Lartigue.<\/b><\/div>\n<div style=\"text-align:center\"><b>Mise en sc\u00e8ne : Pascale Fermon-Colombeau.\u00a0\u00a0<\/b><\/div>\n<div style=\"text-align:center\"><b>D\u00e9cors : Bruno Jammet ; Lumi\u00e8res : Jean-Philippe Villaret ; Bande son : Jan-Luc Delage.\u00a0\u00a0<\/b><\/div>\n<\/div>\n<\/div>\n\n\n<figure class=\"wp-block-image size-large\"><img loading=\"lazy\" decoding=\"async\" width=\"1024\" height=\"576\" src=\"https:\/\/cie-lespiedsdanslesetoiles.fr\/wp-content\/uploads\/2024\/02\/20190322_215535-1024x576.jpg\" alt=\"\" class=\"wp-image-180\" srcset=\"https:\/\/cie-lespiedsdanslesetoiles.fr\/wp-content\/uploads\/2024\/02\/20190322_215535-1024x576.jpg 1024w, https:\/\/cie-lespiedsdanslesetoiles.fr\/wp-content\/uploads\/2024\/02\/20190322_215535-300x169.jpg 300w, https:\/\/cie-lespiedsdanslesetoiles.fr\/wp-content\/uploads\/2024\/02\/20190322_215535-768x432.jpg 768w, https:\/\/cie-lespiedsdanslesetoiles.fr\/wp-content\/uploads\/2024\/02\/20190322_215535-1536x864.jpg 1536w, https:\/\/cie-lespiedsdanslesetoiles.fr\/wp-content\/uploads\/2024\/02\/20190322_215535-2048x1152.jpg 2048w\" sizes=\"auto, (max-width: 1024px) 100vw, 1024px\" \/><\/figure>\n\n\n\n<figure class=\"wp-block-image size-large\"><img loading=\"lazy\" decoding=\"async\" width=\"1024\" height=\"576\" src=\"https:\/\/cie-lespiedsdanslesetoiles.fr\/wp-content\/uploads\/2024\/02\/20190322_205128-1024x576.jpg\" alt=\"\" class=\"wp-image-181\" srcset=\"https:\/\/cie-lespiedsdanslesetoiles.fr\/wp-content\/uploads\/2024\/02\/20190322_205128-1024x576.jpg 1024w, https:\/\/cie-lespiedsdanslesetoiles.fr\/wp-content\/uploads\/2024\/02\/20190322_205128-300x169.jpg 300w, https:\/\/cie-lespiedsdanslesetoiles.fr\/wp-content\/uploads\/2024\/02\/20190322_205128-768x432.jpg 768w, https:\/\/cie-lespiedsdanslesetoiles.fr\/wp-content\/uploads\/2024\/02\/20190322_205128-1536x864.jpg 1536w, https:\/\/cie-lespiedsdanslesetoiles.fr\/wp-content\/uploads\/2024\/02\/20190322_205128-2048x1152.jpg 2048w\" sizes=\"auto, (max-width: 1024px) 100vw, 1024px\" \/><\/figure>\n\n\n\n<figure class=\"wp-block-image size-large\"><img loading=\"lazy\" decoding=\"async\" width=\"1024\" height=\"576\" src=\"https:\/\/cie-lespiedsdanslesetoiles.fr\/wp-content\/uploads\/2024\/02\/20190322_215051-1024x576.jpg\" alt=\"\" class=\"wp-image-184\" srcset=\"https:\/\/cie-lespiedsdanslesetoiles.fr\/wp-content\/uploads\/2024\/02\/20190322_215051-1024x576.jpg 1024w, https:\/\/cie-lespiedsdanslesetoiles.fr\/wp-content\/uploads\/2024\/02\/20190322_215051-300x169.jpg 300w, https:\/\/cie-lespiedsdanslesetoiles.fr\/wp-content\/uploads\/2024\/02\/20190322_215051-768x432.jpg 768w, https:\/\/cie-lespiedsdanslesetoiles.fr\/wp-content\/uploads\/2024\/02\/20190322_215051-1536x864.jpg 1536w, https:\/\/cie-lespiedsdanslesetoiles.fr\/wp-content\/uploads\/2024\/02\/20190322_215051-2048x1152.jpg 2048w\" sizes=\"auto, (max-width: 1024px) 100vw, 1024px\" \/><\/figure>\n\n\n\n<figure class=\"wp-block-image size-large\"><img loading=\"lazy\" decoding=\"async\" width=\"1024\" height=\"576\" src=\"https:\/\/cie-lespiedsdanslesetoiles.fr\/wp-content\/uploads\/2024\/02\/20190322_213142-1024x576.jpg\" alt=\"\" class=\"wp-image-182\" srcset=\"https:\/\/cie-lespiedsdanslesetoiles.fr\/wp-content\/uploads\/2024\/02\/20190322_213142-1024x576.jpg 1024w, https:\/\/cie-lespiedsdanslesetoiles.fr\/wp-content\/uploads\/2024\/02\/20190322_213142-300x169.jpg 300w, https:\/\/cie-lespiedsdanslesetoiles.fr\/wp-content\/uploads\/2024\/02\/20190322_213142-768x432.jpg 768w, https:\/\/cie-lespiedsdanslesetoiles.fr\/wp-content\/uploads\/2024\/02\/20190322_213142-1536x864.jpg 1536w, https:\/\/cie-lespiedsdanslesetoiles.fr\/wp-content\/uploads\/2024\/02\/20190322_213142-2048x1152.jpg 2048w\" sizes=\"auto, (max-width: 1024px) 100vw, 1024px\" \/><\/figure>\n\n\n\n<p><\/p>\n","protected":false},"excerpt":{"rendered":"<p>1941. Dans une petite ville en bord de mer, un homme et sa ni\u00e8ce se voient contraints de loger chez eux un officier allemand. C\u2019est par un mutisme affirm\u00e9 et constant qu\u2019ils vont manifester leur opposition \u00e0 l\u2019invasion de l\u2019ennemi. Attitude d\u2019autant plus difficile que cet officier se r\u00e9v\u00e8le d\u00e9licat, courtois et cultiv\u00e9 ! Une&#8230;<\/p>\n","protected":false},"author":1,"featured_media":0,"parent":29,"menu_order":4,"comment_status":"closed","ping_status":"closed","template":"","meta":{"_kad_post_transparent":"","_kad_post_title":"","_kad_post_layout":"","_kad_post_sidebar_id":"","_kad_post_content_style":"","_kad_post_vertical_padding":"","_kad_post_feature":"","_kad_post_feature_position":"","_kad_post_header":false,"_kad_post_footer":false,"footnotes":""},"class_list":["post-35","page","type-page","status-publish","hentry"],"_links":{"self":[{"href":"https:\/\/cie-lespiedsdanslesetoiles.fr\/index.php\/wp-json\/wp\/v2\/pages\/35","targetHints":{"allow":["GET"]}}],"collection":[{"href":"https:\/\/cie-lespiedsdanslesetoiles.fr\/index.php\/wp-json\/wp\/v2\/pages"}],"about":[{"href":"https:\/\/cie-lespiedsdanslesetoiles.fr\/index.php\/wp-json\/wp\/v2\/types\/page"}],"author":[{"embeddable":true,"href":"https:\/\/cie-lespiedsdanslesetoiles.fr\/index.php\/wp-json\/wp\/v2\/users\/1"}],"replies":[{"embeddable":true,"href":"https:\/\/cie-lespiedsdanslesetoiles.fr\/index.php\/wp-json\/wp\/v2\/comments?post=35"}],"version-history":[{"count":26,"href":"https:\/\/cie-lespiedsdanslesetoiles.fr\/index.php\/wp-json\/wp\/v2\/pages\/35\/revisions"}],"predecessor-version":[{"id":366,"href":"https:\/\/cie-lespiedsdanslesetoiles.fr\/index.php\/wp-json\/wp\/v2\/pages\/35\/revisions\/366"}],"up":[{"embeddable":true,"href":"https:\/\/cie-lespiedsdanslesetoiles.fr\/index.php\/wp-json\/wp\/v2\/pages\/29"}],"wp:attachment":[{"href":"https:\/\/cie-lespiedsdanslesetoiles.fr\/index.php\/wp-json\/wp\/v2\/media?parent=35"}],"curies":[{"name":"wp","href":"https:\/\/api.w.org\/{rel}","templated":true}]}}