{"id":191,"date":"2024-02-03T07:51:55","date_gmt":"2024-02-03T06:51:55","guid":{"rendered":"https:\/\/cie-lespiedsdanslesetoiles.fr\/?page_id=191"},"modified":"2025-04-15T21:46:02","modified_gmt":"2025-04-15T19:46:02","slug":"accueil","status":"publish","type":"page","link":"https:\/\/cie-lespiedsdanslesetoiles.fr\/","title":{"rendered":"Accueil"},"content":{"rendered":"\n<figure class=\"wp-block-image size-large\"><img loading=\"lazy\" decoding=\"async\" width=\"1024\" height=\"506\" src=\"https:\/\/cie-lespiedsdanslesetoiles.fr\/wp-content\/uploads\/2024\/02\/logo2-1024x506.jpg\" alt=\"\" class=\"wp-image-205\" srcset=\"https:\/\/cie-lespiedsdanslesetoiles.fr\/wp-content\/uploads\/2024\/02\/logo2-1024x506.jpg 1024w, https:\/\/cie-lespiedsdanslesetoiles.fr\/wp-content\/uploads\/2024\/02\/logo2-300x148.jpg 300w, https:\/\/cie-lespiedsdanslesetoiles.fr\/wp-content\/uploads\/2024\/02\/logo2-768x380.jpg 768w, https:\/\/cie-lespiedsdanslesetoiles.fr\/wp-content\/uploads\/2024\/02\/logo2-1536x759.jpg 1536w, https:\/\/cie-lespiedsdanslesetoiles.fr\/wp-content\/uploads\/2024\/02\/logo2-2048x1012.jpg 2048w\" sizes=\"auto, (max-width: 1024px) 100vw, 1024px\" \/><\/figure>\n\n\n\n<figure class=\"wp-block-image size-large\"><img loading=\"lazy\" decoding=\"async\" width=\"1024\" height=\"205\" src=\"https:\/\/cie-lespiedsdanslesetoiles.fr\/wp-content\/uploads\/2024\/02\/logo-9-1024x205.jpg\" alt=\"\" class=\"wp-image-243\" srcset=\"https:\/\/cie-lespiedsdanslesetoiles.fr\/wp-content\/uploads\/2024\/02\/logo-9-1024x205.jpg 1024w, https:\/\/cie-lespiedsdanslesetoiles.fr\/wp-content\/uploads\/2024\/02\/logo-9-300x60.jpg 300w, https:\/\/cie-lespiedsdanslesetoiles.fr\/wp-content\/uploads\/2024\/02\/logo-9-768x154.jpg 768w, https:\/\/cie-lespiedsdanslesetoiles.fr\/wp-content\/uploads\/2024\/02\/logo-9-1536x308.jpg 1536w, https:\/\/cie-lespiedsdanslesetoiles.fr\/wp-content\/uploads\/2024\/02\/logo-9-2048x411.jpg 2048w\" sizes=\"auto, (max-width: 1024px) 100vw, 1024px\" \/><\/figure>\n\n\n\n<p class=\"has-text-align-center\">Fond\u00e9e en <strong>2007<\/strong> par Pascale Fermon-Colombeau, avec la complicit\u00e9 d\u2019Hubert Lartigue, la Compagnie th\u00e9\u00e2trale <strong>\u00ab Les pieds dans les \u00e9toiles<\/strong> <strong>\u00bb<\/strong> a, depuis, obtenu de beaux succ\u00e8s \u00e0 travers de nombreuses pi\u00e8ces mont\u00e9es depuis sa cr\u00e9ation et jou\u00e9es non seulement \u00e0 Limoges mais aussi en Haute-Vienne et hors r\u00e9gion.<\/p>\n\n\n\n<p class=\"has-text-align-center\">La compagnie se consacre essentiellement \u00e0 la <strong>production d\u2019\u0153uvres th\u00e9\u00e2trales du r\u00e9pertoire contemporain&nbsp;<\/strong>: com\u00e9dies dramatiques fran\u00e7aises et \u00e9trang\u00e8res. Ce positionnement privil\u00e9gie ainsi le <strong>m\u00e9lange de styles<\/strong> o\u00f9 se c\u00f4toient \u00e0 la fois&nbsp;: s\u00e9rieux, r\u00e9flexion, interrogations, humour, \u00e9motion et po\u00e9sie\u2026 comme dans la vie, car<strong> le th\u00e9\u00e2tre c\u2019est la vie&nbsp;!<\/strong><\/p>\n\n\n\n<p class=\"has-text-align-center\">La compagnie a cr\u00e9\u00e9, <strong>en 2017<\/strong>, <strong>un Petit Atelier Th\u00e9\u00e2tre, ouvert \u00e0 tous<\/strong> o\u00f9 sont enseign\u00e9s l\u2019Art dramatique et l\u2019Expression sc\u00e9nique.<\/p>\n\n\n\n<figure class=\"wp-block-image size-large\"><img loading=\"lazy\" decoding=\"async\" width=\"1024\" height=\"716\" src=\"https:\/\/cie-lespiedsdanslesetoiles.fr\/wp-content\/uploads\/2024\/09\/Pascale4-1024x716.jpg\" alt=\"\" class=\"wp-image-657\" srcset=\"https:\/\/cie-lespiedsdanslesetoiles.fr\/wp-content\/uploads\/2024\/09\/Pascale4-1024x716.jpg 1024w, https:\/\/cie-lespiedsdanslesetoiles.fr\/wp-content\/uploads\/2024\/09\/Pascale4-300x210.jpg 300w, https:\/\/cie-lespiedsdanslesetoiles.fr\/wp-content\/uploads\/2024\/09\/Pascale4-768x537.jpg 768w, https:\/\/cie-lespiedsdanslesetoiles.fr\/wp-content\/uploads\/2024\/09\/Pascale4.jpg 1271w\" sizes=\"auto, (max-width: 1024px) 100vw, 1024px\" \/><\/figure>\n\n\n\n<figure class=\"wp-block-image size-large\"><img loading=\"lazy\" decoding=\"async\" width=\"1024\" height=\"667\" src=\"https:\/\/cie-lespiedsdanslesetoiles.fr\/wp-content\/uploads\/2024\/02\/Hubert-2-1024x667.jpg\" alt=\"\" class=\"wp-image-327\" srcset=\"https:\/\/cie-lespiedsdanslesetoiles.fr\/wp-content\/uploads\/2024\/02\/Hubert-2-1024x667.jpg 1024w, https:\/\/cie-lespiedsdanslesetoiles.fr\/wp-content\/uploads\/2024\/02\/Hubert-2-300x195.jpg 300w, https:\/\/cie-lespiedsdanslesetoiles.fr\/wp-content\/uploads\/2024\/02\/Hubert-2-768x500.jpg 768w, https:\/\/cie-lespiedsdanslesetoiles.fr\/wp-content\/uploads\/2024\/02\/Hubert-2.jpg 1250w\" sizes=\"auto, (max-width: 1024px) 100vw, 1024px\" \/><\/figure>\n\n\n\n<p> <b style=\"mso-bidi-font-weight:\nnormal\"><span style=\"font-size:18.0pt;line-height:115%\">Contact&nbsp;: <\/span><\/b><\/p>\n\n\n<p class=\"MsoNormal\"><span style=\"font-size: 16.0pt; line-height: 115%;\">COMPAGNIE LES PIEDS DANS LES <\/span><span style=\"font-size: 16.0pt; line-height: 115%; mso-bidi-font-family: Calibri; mso-bidi-theme-font: minor-latin;\">\u00c9<\/span><span style=\"font-size: 16.0pt; line-height: 115%;\">TOILES<\/span><\/p>\n<p class=\"MsoNormal\"><span style=\"font-size: 16.0pt; line-height: 115%;\">36 rue Mariette 87000 Limoges<\/span><\/p>\n<p class=\"MsoNormal\"><span style=\"font-size: 16.0pt; line-height: 115%;\"><a href=\"mailto:lespiedsdanslesetoilescie@gmail.com\">lespiedsdanslesetoiles@gmail.com<\/a><\/span><\/p>","protected":false},"excerpt":{"rendered":"<p>Fond\u00e9e en 2007 par Pascale Fermon-Colombeau, avec la complicit\u00e9 d\u2019Hubert Lartigue, la Compagnie th\u00e9\u00e2trale \u00ab Les pieds dans les \u00e9toiles \u00bb a, depuis, obtenu de beaux succ\u00e8s \u00e0 travers de nombreuses pi\u00e8ces mont\u00e9es depuis sa cr\u00e9ation et jou\u00e9es non seulement \u00e0 Limoges mais aussi en Haute-Vienne et hors r\u00e9gion. La compagnie se consacre essentiellement \u00e0&#8230;<\/p>\n","protected":false},"author":1,"featured_media":0,"parent":0,"menu_order":0,"comment_status":"closed","ping_status":"closed","template":"","meta":{"_kad_post_transparent":"","_kad_post_title":"","_kad_post_layout":"","_kad_post_sidebar_id":"","_kad_post_content_style":"","_kad_post_vertical_padding":"","_kad_post_feature":"","_kad_post_feature_position":"","_kad_post_header":false,"_kad_post_footer":false,"footnotes":""},"class_list":["post-191","page","type-page","status-publish","hentry"],"_links":{"self":[{"href":"https:\/\/cie-lespiedsdanslesetoiles.fr\/index.php\/wp-json\/wp\/v2\/pages\/191","targetHints":{"allow":["GET"]}}],"collection":[{"href":"https:\/\/cie-lespiedsdanslesetoiles.fr\/index.php\/wp-json\/wp\/v2\/pages"}],"about":[{"href":"https:\/\/cie-lespiedsdanslesetoiles.fr\/index.php\/wp-json\/wp\/v2\/types\/page"}],"author":[{"embeddable":true,"href":"https:\/\/cie-lespiedsdanslesetoiles.fr\/index.php\/wp-json\/wp\/v2\/users\/1"}],"replies":[{"embeddable":true,"href":"https:\/\/cie-lespiedsdanslesetoiles.fr\/index.php\/wp-json\/wp\/v2\/comments?post=191"}],"version-history":[{"count":49,"href":"https:\/\/cie-lespiedsdanslesetoiles.fr\/index.php\/wp-json\/wp\/v2\/pages\/191\/revisions"}],"predecessor-version":[{"id":678,"href":"https:\/\/cie-lespiedsdanslesetoiles.fr\/index.php\/wp-json\/wp\/v2\/pages\/191\/revisions\/678"}],"wp:attachment":[{"href":"https:\/\/cie-lespiedsdanslesetoiles.fr\/index.php\/wp-json\/wp\/v2\/media?parent=191"}],"curies":[{"name":"wp","href":"https:\/\/api.w.org\/{rel}","templated":true}]}}